{"id":174,"date":"2025-12-10T09:34:17","date_gmt":"2025-12-10T09:34:17","guid":{"rendered":"https:\/\/amalfi.betonsoft.hu\/?page_id=174"},"modified":"2026-02-06T09:23:49","modified_gmt":"2026-02-06T09:23:49","slug":"esemenyek-szervezese","status":"publish","type":"page","link":"https:\/\/udvazamalfiparton.com\/en\/esemenyek-szervezese\/","title":{"rendered":"Event organization"},"content":{"rendered":"<div class=\"section-wrapper\" data-id=\"gcRqyu\"><section class=\"wp-block-gutenverse-section guten-element guten-section guten-gcRqyu layout-boxed align-stretch\"><div class=\"guten-container guten-column-gap-default\">\n<div class=\"wp-block-gutenverse-column guten-element guten-column guten-6bBogU\"><div class=\"guten-column-wrapper\" data-id=\"6bBogU\">\n<div class=\"guten-HnA0r5 guten-image-box guten-element style-default\"><div class=\"inner-container\"><div class=\"image-box-header\"><a href=\"#contact\"><img loading=\"lazy\" decoding=\"async\" class=\"gutenverse-image-box-filled\" src=\"http:\/\/udvazamalfiparton.com\/wp-content\/uploads\/2026\/02\/HAJO.webp\" height=\"1080\" width=\"1440\"\/><\/a><\/div><div class=\"image-box-body\"><div class=\"body-inner\"><h3 class=\"body-title icon-position-before\"><i><\/i><span><strong>SHIP<\/strong><br><br>Make this day memorable on a boat with your partner, on the beautiful turquoise sea of \u200b\u200bthe Amalfi Coast.<br><br><strong>WHAT IT CONTAINS&nbsp;<\/strong><br>\u2022 3 hours at sea with a captain.<br>\u2022 A professional photographer to capture the moment.<br>\u2022 Champagne, a bouquet of flowers ordered by you<br><br><strong><strong>Price: We will agree depending on the size of the event.<\/strong><\/strong><br><br><\/span><\/h3>\n<div class=\"guten-element guten-button-wrapper guten-1mL48C\"><a class=\"guten-button guten-button-sm\" href=\"#contact\"><span>I am interested<\/span><\/a><\/div>\n<\/div><\/div><\/div><\/div>\n<\/div><\/div>\n\n\n\n<div class=\"wp-block-gutenverse-column guten-element guten-column guten-6f6sCf\"><div class=\"guten-column-wrapper\" data-id=\"6f6sCf\">\n<div class=\"guten-CaeCLf guten-image-box guten-element style-default\"><div class=\"inner-container\"><div class=\"image-box-header\"><a href=\"#contact\"><img loading=\"lazy\" decoding=\"async\" class=\"gutenverse-image-box-filled\" src=\"http:\/\/udvazamalfiparton.com\/wp-content\/uploads\/2026\/01\/reportage7giugno_53-1.jpg\" height=\"1280\" width=\"1920\"\/><\/a><\/div><div class=\"image-box-body\"><div class=\"body-inner\"><h3 class=\"body-title icon-position-before\"><i><\/i><span><strong><strong>Seaside<\/strong><\/strong><\/span><\/h3><p class=\"body-description\"><br>Make your dream engagement come true on the beach in the sunset.<br>WHAT IT CONTAINS\u00a0<br>\u2022 A professional photographer to capture the moment.<br>\u2022 Champagne, a bouquet of flowers ordered by you<br><br><strong>Price: We will agree depending on the size of the event.<\/strong><br><br><\/p>\n<div class=\"guten-element guten-button-wrapper guten-TSqL8j\"><a class=\"guten-button guten-button-sm\" href=\"#contact\"><span>I am interested<\/span><\/a><\/div>\n<\/div><\/div><\/div><\/div>\n<\/div><\/div>\n<\/div><\/section><\/div>\n\n\n\n<div class=\"guten-element guten-spacer guten-9h7DZ4\"><\/div>\n\n\n\n<div class=\"section-wrapper\" data-id=\"gcRqyu\"><section class=\"wp-block-gutenverse-section guten-element guten-section guten-gcRqyu layout-boxed align-stretch\"><div class=\"guten-container guten-column-gap-default\">\n<div class=\"wp-block-gutenverse-column guten-element guten-column guten-6bBogU\"><div class=\"guten-column-wrapper\" data-id=\"6bBogU\">\n<div class=\"guten-HnA0r5 guten-image-box guten-element style-default\"><div class=\"inner-container\"><div class=\"image-box-header\"><a href=\"#contact\"><img loading=\"lazy\" decoding=\"async\" class=\"gutenverse-image-box-filled\" src=\"http:\/\/udvazamalfiparton.com\/wp-content\/uploads\/2026\/02\/FIAT-500-.jpg\" height=\"1366\" width=\"2048\"\/><\/a><\/div><div class=\"image-box-body\"><div class=\"body-inner\"><h3 class=\"body-title icon-position-before\"><i><\/i><span>FIAT 500<br><br>Make it a reality, experience the moment of Italian freedom and romance in the famous Fiat 500 on the Amalfi Coast.<br>WHAT IT CONTAINS\u00a0<br>\u2022 2-3 hours on the Amalfi Coast, with driver<br>\u2022 A professional photographer who captures the moment\u00a0<br>\u2022 A bottle of champagne<br><br><br><strong>Price: X<\/strong><\/span><\/h3>\n<div class=\"guten-element guten-button-wrapper guten-1mL48C\"><a class=\"guten-button guten-button-sm\" href=\"#contact\"><span>I am interested<\/span><\/a><\/div>\n<\/div><\/div><\/div><\/div>\n<\/div><\/div>\n\n\n\n<div class=\"wp-block-gutenverse-column guten-element guten-column guten-6f6sCf\"><div class=\"guten-column-wrapper\" data-id=\"6f6sCf\">\n<div class=\"guten-CaeCLf guten-image-box guten-element style-default\"><div class=\"inner-container\"><div class=\"image-box-header\"><a href=\"#contact\"><img loading=\"lazy\" decoding=\"async\" class=\"gutenverse-image-box-filled\" src=\"http:\/\/udvazamalfiparton.com\/wp-content\/uploads\/2026\/01\/Screenshot_20250724_164848_Instagram-e1770369789809.jpg\" height=\"703\" width=\"1080\"\/><\/a><\/div><div class=\"image-box-body\"><div class=\"body-inner\"><h3 class=\"body-title icon-position-before\"><i><\/i><span><strong><strong><strong>Restaurant<\/strong><\/strong><\/strong><\/span><\/h3><p class=\"body-description\">Let your unforgettable moment in a panoramic restaurant come true according to your imagination, trust us to make it happen.<br>WHAT IT CONTAINS\u00a0<br>\u2022 Restaurant reservations in the Amalfi Coast city of your choice.<br>\u2022 A professional photographer who captures the moment\u00a0<br>\u2022 Realization and organization of ideas.<br><br><strong>Price: X<\/strong><\/p>\n<div class=\"guten-element guten-button-wrapper guten-TSqL8j\"><a class=\"guten-button guten-button-sm\" href=\"#contact\"><span>I am interested<\/span><\/a><\/div>\n<\/div><\/div><\/div><\/div>\n<\/div><\/div>\n<\/div><\/section><\/div>\n\n\n\n<div class=\"guten-element guten-spacer guten-9h7DZ4\"><\/div>\n\n\n\n<div class=\"section-wrapper\" data-id=\"gcRqyu\"><section class=\"wp-block-gutenverse-section guten-element guten-section guten-gcRqyu layout-boxed align-stretch\"><div class=\"guten-container guten-column-gap-default\">\n<div class=\"wp-block-gutenverse-column guten-element guten-column guten-6bBogU\"><div class=\"guten-column-wrapper\" data-id=\"6bBogU\">\n<div class=\"guten-HnA0r5 guten-image-box guten-element style-default\"><div class=\"inner-container\"><div class=\"image-box-header\"><a href=\"#contact\"><img loading=\"lazy\" decoding=\"async\" class=\"gutenverse-image-box-filled\" src=\"http:\/\/udvazamalfiparton.com\/wp-content\/uploads\/2026\/02\/Nagyobb-esemenyek-szervezese-1.jpg\" height=\"1280\" width=\"1920\"\/><\/a><\/div><div class=\"image-box-body\"><div class=\"body-inner\"><h3 class=\"body-title icon-position-before\"><i><\/i><span><strong>Organization of larger events<\/strong><br>Organizing birthday parties, larger groups and weddings:<br><br>\u2022 Official ceremony <br>\u2022 Symbolic ceremony\u00a0<br><\/span><\/h3><p class=\"body-description\">Let's discuss the exact details!<br><strong>Price: We will agree depending on the size of the event.<\/strong><br><\/p>\n<div class=\"guten-element guten-button-wrapper guten-1mL48C\"><a class=\"guten-button guten-button-sm\" href=\"#contact\"><span>I am interested<\/span><\/a><\/div>\n<\/div><\/div><\/div><\/div>\n<\/div><\/div>\n\n\n\n<div class=\"wp-block-gutenverse-column guten-element guten-column guten-6f6sCf\"><div class=\"guten-column-wrapper\" data-id=\"6f6sCf\">\n<div class=\"guten-CaeCLf guten-image-box guten-element style-default\"><div class=\"inner-container\"><div class=\"image-box-header\"><a href=\"#contact\"><img loading=\"lazy\" decoding=\"async\" class=\"gutenverse-image-box-filled\" src=\"https:\/\/amalfi.betonsoft.hu\/wp-content\/uploads\/2026\/01\/IMG-20250716-WA0005-e1767903389846.jpg\" height=\"990\" width=\"1365\"\/><\/a><\/div><div class=\"image-box-body\"><div class=\"body-inner\"><h3 class=\"body-title icon-position-before\"><i><\/i><span><strong>Request a photographer on the Amalfi Coast<\/strong><\/span><\/h3><p class=\"body-description\"><br>Let's discuss the exact details!<br><strong>Price: We will agree depending on the size of the event.<\/strong><br><br><br><\/p>\n<div class=\"guten-element guten-button-wrapper guten-TSqL8j\"><a class=\"guten-button guten-button-sm\" href=\"#contact\"><span>I am interested<\/span><\/a><\/div>\n<\/div><\/div><\/div><\/div>\n<\/div><\/div>\n<\/div><\/section><\/div>\n\n\n\n<div class=\"section-wrapper\" data-id=\"7cKgPM\"><section class=\"wp-block-gutenverse-section guten-element guten-section guten-7cKgPM layout-boxed align-stretch\"><div class=\"guten-container guten-column-gap-default\">\n<div class=\"wp-block-gutenverse-column guten-element guten-column guten-OqCZvK center\"><div class=\"guten-column-wrapper\" data-id=\"OqCZvK\">\n<figure class=\"guten-element guten-video guten-oTX4OL\"><video controls src=\"http:\/\/udvazamalfiparton.com\/wp-content\/uploads\/2026\/01\/2025-12-31-080326757.mp4\"><\/video><\/figure>\n<\/div><\/div>\n<\/div><\/section><\/div>","protected":false},"excerpt":{"rendered":"","protected":false},"author":1,"featured_media":0,"parent":0,"menu_order":0,"comment_status":"closed","ping_status":"closed","template":"","meta":{"footnotes":""},"class_list":["post-174","page","type-page","status-publish","hentry"],"yoast_head":"<!-- This site is optimized with the Yoast SEO plugin v26.7 - https:\/\/yoast.com\/wordpress\/plugins\/seo\/ -->\n<title>Esem\u00e9nyek szervez\u00e9se - \u00dcdv az Amalfiparton<\/title>\n<meta name=\"robots\" content=\"index, follow, max-snippet:-1, max-image-preview:large, max-video-preview:-1\" \/>\n<link rel=\"canonical\" href=\"https:\/\/udvazamalfiparton.com\/en\/esemenyek-szervezese\/\" \/>\n<meta property=\"og:locale\" content=\"en_US\" \/>\n<meta property=\"og:type\" content=\"article\" \/>\n<meta property=\"og:title\" content=\"Esem\u00e9nyek szervez\u00e9se - \u00dcdv az Amalfiparton\" \/>\n<meta property=\"og:url\" content=\"https:\/\/udvazamalfiparton.com\/en\/esemenyek-szervezese\/\" \/>\n<meta property=\"og:site_name\" content=\"\u00dcdv az Amalfiparton\" \/>\n<meta property=\"article:publisher\" content=\"https:\/\/www.facebook.com\/people\/%c3%9cdv-az-Amalfi-parton\/61561376835286\/\" \/>\n<meta property=\"article:modified_time\" content=\"2026-02-06T09:23:49+00:00\" \/>\n<meta property=\"og:image\" content=\"http:\/\/udvazamalfiparton.com\/wp-content\/uploads\/2026\/02\/HAJO.webp\" \/>\n<meta name=\"twitter:card\" content=\"summary_large_image\" \/>\n<meta name=\"twitter:label1\" content=\"Est. reading time\" \/>\n\t<meta name=\"twitter:data1\" content=\"3 minutes\" \/>\n<script type=\"application\/ld+json\" class=\"yoast-schema-graph\">{\"@context\":\"https:\/\/schema.org\",\"@graph\":[{\"@type\":\"WebPage\",\"@id\":\"https:\/\/udvazamalfiparton.com\/esemenyek-szervezese\/\",\"url\":\"https:\/\/udvazamalfiparton.com\/esemenyek-szervezese\/\",\"name\":\"Esem\u00e9nyek szervez\u00e9se - \u00dcdv az Amalfiparton\",\"isPartOf\":{\"@id\":\"https:\/\/udvazamalfiparton.com\/#website\"},\"primaryImageOfPage\":{\"@id\":\"https:\/\/udvazamalfiparton.com\/esemenyek-szervezese\/#primaryimage\"},\"image\":{\"@id\":\"https:\/\/udvazamalfiparton.com\/esemenyek-szervezese\/#primaryimage\"},\"thumbnailUrl\":\"http:\/\/udvazamalfiparton.com\/wp-content\/uploads\/2026\/02\/HAJO.webp\",\"datePublished\":\"2025-12-10T09:34:17+00:00\",\"dateModified\":\"2026-02-06T09:23:49+00:00\",\"breadcrumb\":{\"@id\":\"https:\/\/udvazamalfiparton.com\/esemenyek-szervezese\/#breadcrumb\"},\"inLanguage\":\"en-US\",\"potentialAction\":[{\"@type\":\"ReadAction\",\"target\":[\"https:\/\/udvazamalfiparton.com\/esemenyek-szervezese\/\"]}]},{\"@type\":\"ImageObject\",\"inLanguage\":\"en-US\",\"@id\":\"https:\/\/udvazamalfiparton.com\/esemenyek-szervezese\/#primaryimage\",\"url\":\"http:\/\/udvazamalfiparton.com\/wp-content\/uploads\/2026\/02\/HAJO.webp\",\"contentUrl\":\"http:\/\/udvazamalfiparton.com\/wp-content\/uploads\/2026\/02\/HAJO.webp\"},{\"@type\":\"BreadcrumbList\",\"@id\":\"https:\/\/udvazamalfiparton.com\/esemenyek-szervezese\/#breadcrumb\",\"itemListElement\":[{\"@type\":\"ListItem\",\"position\":1,\"name\":\"Home\",\"item\":\"https:\/\/udvazamalfiparton.com\/\"},{\"@type\":\"ListItem\",\"position\":2,\"name\":\"Esem\u00e9nyek szervez\u00e9se\"}]},{\"@type\":\"WebSite\",\"@id\":\"https:\/\/udvazamalfiparton.com\/#website\",\"url\":\"https:\/\/udvazamalfiparton.com\/\",\"name\":\"\u00dcdv az Amalfi-parton\",\"description\":\"\",\"publisher\":{\"@id\":\"https:\/\/udvazamalfiparton.com\/#organization\"},\"alternateName\":\"\u00c9lm\u00e9nyek az Amalfi-parton magyar vezet\u00e9ssel\",\"potentialAction\":[{\"@type\":\"SearchAction\",\"target\":{\"@type\":\"EntryPoint\",\"urlTemplate\":\"https:\/\/udvazamalfiparton.com\/?s={search_term_string}\"},\"query-input\":{\"@type\":\"PropertyValueSpecification\",\"valueRequired\":true,\"valueName\":\"search_term_string\"}}],\"inLanguage\":\"en-US\"},{\"@type\":\"Organization\",\"@id\":\"https:\/\/udvazamalfiparton.com\/#organization\",\"name\":\"\u00dcdv az Amalfi-parton\",\"alternateName\":\"\u00c9lm\u00e9nyek az Amalfi-parton magyar vezet\u00e9ssel\",\"url\":\"https:\/\/udvazamalfiparton.com\/\",\"logo\":{\"@type\":\"ImageObject\",\"inLanguage\":\"en-US\",\"@id\":\"https:\/\/udvazamalfiparton.com\/#\/schema\/logo\/image\/\",\"url\":\"https:\/\/amalfi.betonsoft.hu\/wp-content\/uploads\/2026\/01\/amalfi-italy-coastal-town-skyline-on-the-tyrrheni-2025-03-24-00-14-43-utc-1-1024x683.jpg\",\"contentUrl\":\"https:\/\/amalfi.betonsoft.hu\/wp-content\/uploads\/2026\/01\/amalfi-italy-coastal-town-skyline-on-the-tyrrheni-2025-03-24-00-14-43-utc-1-1024x683.jpg\",\"width\":1024,\"height\":683,\"caption\":\"\u00dcdv az Amalfi-parton\"},\"image\":{\"@id\":\"https:\/\/udvazamalfiparton.com\/#\/schema\/logo\/image\/\"},\"sameAs\":[\"https:\/\/www.facebook.com\/people\/\u00dcdv-az-Amalfi-parton\/61561376835286\/\"]}]}<\/script>\n<!-- \/ Yoast SEO plugin. -->","yoast_head_json":{"title":"Esem\u00e9nyek szervez\u00e9se - \u00dcdv az Amalfiparton","robots":{"index":"index","follow":"follow","max-snippet":"max-snippet:-1","max-image-preview":"max-image-preview:large","max-video-preview":"max-video-preview:-1"},"canonical":"https:\/\/udvazamalfiparton.com\/en\/esemenyek-szervezese\/","og_locale":"en_US","og_type":"article","og_title":"Esem\u00e9nyek szervez\u00e9se - \u00dcdv az Amalfiparton","og_url":"https:\/\/udvazamalfiparton.com\/en\/esemenyek-szervezese\/","og_site_name":"\u00dcdv az Amalfiparton","article_publisher":"https:\/\/www.facebook.com\/people\/%c3%9cdv-az-Amalfi-parton\/61561376835286\/","article_modified_time":"2026-02-06T09:23:49+00:00","og_image":[{"url":"http:\/\/udvazamalfiparton.com\/wp-content\/uploads\/2026\/02\/HAJO.webp","type":"","width":"","height":""}],"twitter_card":"summary_large_image","twitter_misc":{"Est. reading time":"3 minutes"},"schema":{"@context":"https:\/\/schema.org","@graph":[{"@type":"WebPage","@id":"https:\/\/udvazamalfiparton.com\/esemenyek-szervezese\/","url":"https:\/\/udvazamalfiparton.com\/esemenyek-szervezese\/","name":"Esem\u00e9nyek szervez\u00e9se - \u00dcdv az Amalfiparton","isPartOf":{"@id":"https:\/\/udvazamalfiparton.com\/#website"},"primaryImageOfPage":{"@id":"https:\/\/udvazamalfiparton.com\/esemenyek-szervezese\/#primaryimage"},"image":{"@id":"https:\/\/udvazamalfiparton.com\/esemenyek-szervezese\/#primaryimage"},"thumbnailUrl":"http:\/\/udvazamalfiparton.com\/wp-content\/uploads\/2026\/02\/HAJO.webp","datePublished":"2025-12-10T09:34:17+00:00","dateModified":"2026-02-06T09:23:49+00:00","breadcrumb":{"@id":"https:\/\/udvazamalfiparton.com\/esemenyek-szervezese\/#breadcrumb"},"inLanguage":"en-US","potentialAction":[{"@type":"ReadAction","target":["https:\/\/udvazamalfiparton.com\/esemenyek-szervezese\/"]}]},{"@type":"ImageObject","inLanguage":"en-US","@id":"https:\/\/udvazamalfiparton.com\/esemenyek-szervezese\/#primaryimage","url":"http:\/\/udvazamalfiparton.com\/wp-content\/uploads\/2026\/02\/HAJO.webp","contentUrl":"http:\/\/udvazamalfiparton.com\/wp-content\/uploads\/2026\/02\/HAJO.webp"},{"@type":"BreadcrumbList","@id":"https:\/\/udvazamalfiparton.com\/esemenyek-szervezese\/#breadcrumb","itemListElement":[{"@type":"ListItem","position":1,"name":"Home","item":"https:\/\/udvazamalfiparton.com\/"},{"@type":"ListItem","position":2,"name":"Esem\u00e9nyek szervez\u00e9se"}]},{"@type":"WebSite","@id":"https:\/\/udvazamalfiparton.com\/#website","url":"https:\/\/udvazamalfiparton.com\/","name":"\u00dcdv az Amalfi-parton","description":"","publisher":{"@id":"https:\/\/udvazamalfiparton.com\/#organization"},"alternateName":"\u00c9lm\u00e9nyek az Amalfi-parton magyar vezet\u00e9ssel","potentialAction":[{"@type":"SearchAction","target":{"@type":"EntryPoint","urlTemplate":"https:\/\/udvazamalfiparton.com\/?s={search_term_string}"},"query-input":{"@type":"PropertyValueSpecification","valueRequired":true,"valueName":"search_term_string"}}],"inLanguage":"en-US"},{"@type":"Organization","@id":"https:\/\/udvazamalfiparton.com\/#organization","name":"\u00dcdv az Amalfi-parton","alternateName":"\u00c9lm\u00e9nyek az Amalfi-parton magyar vezet\u00e9ssel","url":"https:\/\/udvazamalfiparton.com\/","logo":{"@type":"ImageObject","inLanguage":"en-US","@id":"https:\/\/udvazamalfiparton.com\/#\/schema\/logo\/image\/","url":"https:\/\/amalfi.betonsoft.hu\/wp-content\/uploads\/2026\/01\/amalfi-italy-coastal-town-skyline-on-the-tyrrheni-2025-03-24-00-14-43-utc-1-1024x683.jpg","contentUrl":"https:\/\/amalfi.betonsoft.hu\/wp-content\/uploads\/2026\/01\/amalfi-italy-coastal-town-skyline-on-the-tyrrheni-2025-03-24-00-14-43-utc-1-1024x683.jpg","width":1024,"height":683,"caption":"\u00dcdv az Amalfi-parton"},"image":{"@id":"https:\/\/udvazamalfiparton.com\/#\/schema\/logo\/image\/"},"sameAs":["https:\/\/www.facebook.com\/people\/\u00dcdv-az-Amalfi-parton\/61561376835286\/"]}]}},"_links":{"self":[{"href":"https:\/\/udvazamalfiparton.com\/en\/wp-json\/wp\/v2\/pages\/174","targetHints":{"allow":["GET"]}}],"collection":[{"href":"https:\/\/udvazamalfiparton.com\/en\/wp-json\/wp\/v2\/pages"}],"about":[{"href":"https:\/\/udvazamalfiparton.com\/en\/wp-json\/wp\/v2\/types\/page"}],"author":[{"embeddable":true,"href":"https:\/\/udvazamalfiparton.com\/en\/wp-json\/wp\/v2\/users\/1"}],"replies":[{"embeddable":true,"href":"https:\/\/udvazamalfiparton.com\/en\/wp-json\/wp\/v2\/comments?post=174"}],"version-history":[{"count":78,"href":"https:\/\/udvazamalfiparton.com\/en\/wp-json\/wp\/v2\/pages\/174\/revisions"}],"predecessor-version":[{"id":451,"href":"https:\/\/udvazamalfiparton.com\/en\/wp-json\/wp\/v2\/pages\/174\/revisions\/451"}],"wp:attachment":[{"href":"https:\/\/udvazamalfiparton.com\/en\/wp-json\/wp\/v2\/media?parent=174"}],"curies":[{"name":"wp","href":"https:\/\/api.w.org\/{rel}","templated":true}]}}