{"id":176,"date":"2025-12-10T09:34:29","date_gmt":"2025-12-10T09:34:29","guid":{"rendered":"https:\/\/amalfi.betonsoft.hu\/?page_id=176"},"modified":"2026-01-29T06:15:36","modified_gmt":"2026-01-29T06:15:36","slug":"turak","status":"publish","type":"page","link":"https:\/\/udvazamalfiparton.com\/en\/turak\/","title":{"rendered":"Tours"},"content":{"rendered":"<div class=\"section-wrapper\" data-id=\"k154Op\"><section class=\"wp-block-gutenverse-section guten-element guten-section guten-k154Op layout-boxed align-stretch\"><div class=\"guten-container guten-column-gap-default\">\n<div class=\"wp-block-gutenverse-column guten-element guten-column guten-6Gtzqp\"><div class=\"guten-column-wrapper\" data-id=\"6Gtzqp\">\n<h2 class=\"wp-block-gutenverse-heading guten-element guten-NqVMIR\">SENTIERO DEGLI DEI\u00a0<\/h2>\n\n\n\n<div class=\"guten-element gutenverse-text-editor guten-DDJlz8\"><div class=\"text-content-inner\">\n<p>The Path of the Gods&nbsp;<\/p>\n<\/div><\/div>\n\n\n\n<div class=\"guten-element gutenverse-text-editor guten-KuktKN\"><div class=\"text-content-inner\">\n<p>During the Gods' Way tour, we visit a local shepherd, where we gain insight into the environment in which they lived in the past, learn about the musical instruments of Southern Italy and the simple but delicious traditional dishes. An unforgettable experience and a fascinating sight.<\/p>\n\n\n\n<p>&nbsp;Agerol\u00e0b\u00f3l indulunk \u00e8s Nocell\u00e8be (Positano k\u00fclv\u00e0rosa) \u00e8rkez\u00fcnk.<\/p>\n\n\n\n<p>For more details, please email.<\/p>\n<\/div><\/div>\n\n\n\n<div class=\"guten-element guten-button-wrapper guten-tSGCqq\"><a class=\"guten-button guten-button-sm\" href=\"#contact\"><span>I am interested<\/span><\/a><\/div>\n<\/div><\/div>\n\n\n\n<div class=\"wp-block-gutenverse-column guten-element guten-column guten-cVaaDN\"><div class=\"guten-column-wrapper\" data-id=\"cVaaDN\">\n<div class=\"wp-block-gutenverse-image guten-element guten-image guten-ckPvVH\"><div class=\"guten-image-wrapper\"><img loading=\"lazy\" decoding=\"async\" class=\"gutenverse-image-box-filled\" src=\"https:\/\/amalfi.betonsoft.hu\/wp-content\/uploads\/2025\/12\/istenek-utja-e1765436642350.jpg\" height=\"792\" width=\"1080\"\/><\/div><\/div>\n<\/div><\/div>\n<\/div><\/section><\/div>\n\n\n\n<div class=\"guten-element guten-spacer guten-Mpqmi6\"><\/div>\n\n\n\n<div class=\"section-wrapper\" data-id=\"cuZNl8\"><section class=\"wp-block-gutenverse-section guten-element guten-section guten-cuZNl8 layout-boxed align-stretch\"><div class=\"guten-container guten-column-gap-default\">\n<div class=\"wp-block-gutenverse-column guten-element guten-column guten-VgVa5Y\"><div class=\"guten-column-wrapper\" data-id=\"VgVa5Y\">\n<div class=\"wp-block-gutenverse-image guten-element guten-image guten-tr9hZE\"><div class=\"guten-image-wrapper\"><img loading=\"lazy\" decoding=\"async\" class=\"gutenverse-image-box-filled\" src=\"https:\/\/amalfi.betonsoft.hu\/wp-content\/uploads\/2025\/12\/IMG_20240615_132426_278.webp\" height=\"905\" width=\"1080\"\/><\/div><\/div>\n<\/div><\/div>\n\n\n\n<div class=\"wp-block-gutenverse-column guten-element guten-column guten-Ri0Tef\"><div class=\"guten-column-wrapper\" data-id=\"Ri0Tef\">\n<h2 class=\"wp-block-gutenverse-heading guten-element guten-EMUNe9\">SENTIERO DEI LIMONI\u00a0<br><\/h2>\n\n\n\n<div class=\"guten-element gutenverse-text-editor guten-inZnbj\"><div class=\"text-content-inner\">\n<p>The Amalfi Coast is undoubtedly the most famous for its citrus. On this tour you can get a little insight into how the lemon plantations are cultivated. We have the opportunity to go into a farmer's garden to drink a refreshing Lemonade, where we are led around the very atmospheric garden. We walk among the Lemon trees, where we get a little out of the bustling city and inhale the refreshing, aromatic scent of lemon. The tour is not difficult, but as everywhere on the Amalfi Coast, here too we have to take quite a few steps to reach the beautiful panorama.<\/p>\n\n\n\n<p>Duration: 2-3 hours<\/p>\n\n\n\n<p>Kilometer: 2.5km<\/p>\n\n\n\n<p>Elevation difference: 150m<\/p>\n<\/div><\/div>\n\n\n\n<div class=\"guten-element guten-button-wrapper guten-tSGCqq\"><a class=\"guten-button guten-button-sm\" href=\"#contact\"><span>I am interested<\/span><\/a><\/div>\n<\/div><\/div>\n<\/div><\/section><\/div>\n\n\n\n<div class=\"guten-element guten-spacer guten-Mpqmi6\"><\/div>\n\n\n\n<div class=\"section-wrapper\" data-id=\"k154Op\"><section class=\"wp-block-gutenverse-section guten-element guten-section guten-k154Op layout-boxed align-stretch\"><div class=\"guten-container guten-column-gap-default\">\n<div class=\"wp-block-gutenverse-column guten-element guten-column guten-6Gtzqp\"><div class=\"guten-column-wrapper\" data-id=\"6Gtzqp\">\n<h2 class=\"wp-block-gutenverse-heading guten-element guten-NqVMIR\">VALLE DELLE FERRIERE<\/h2>\n\n\n\n<div class=\"guten-element gutenverse-text-editor guten-DDJlz8\"><div class=\"text-content-inner\">\n<p>Starting from Scala (a few minutes from Ravello), we arrive in Amalfi on this unusual tour. The emphasis here is not necessarily on the panorama, it cannot be compared to the Sentiero degli Dei tour. We walk through a nature reserve, along beautiful waterfalls, and discover ancient watermills and ironworks. At the end of our tour, we can admire a beautiful fossilized moss wall.&nbsp;<\/p>\n\n\n\n<p>Duration: 3-4 hours<\/p>\n\n\n\n<p>Difficulty: Easy&nbsp;<\/p>\n\n\n\n<p>Distance: 5km<\/p>\n<\/div><\/div>\n\n\n\n<div class=\"guten-element guten-button-wrapper guten-tSGCqq\"><a class=\"guten-button guten-button-sm\" href=\"#contact\"><span>I am interested<\/span><\/a><\/div>\n<\/div><\/div>\n\n\n\n<div class=\"wp-block-gutenverse-column guten-element guten-column guten-cVaaDN\"><div class=\"guten-column-wrapper\" data-id=\"cVaaDN\">\n<div class=\"wp-block-gutenverse-image guten-element guten-image guten-Q3ZdwX\"><div class=\"guten-image-wrapper\"><img loading=\"lazy\" decoding=\"async\" class=\"gutenverse-image-box-filled\" src=\"http:\/\/udvazamalfiparton.com\/wp-content\/uploads\/2026\/01\/Valle-Delle-Ferriere_-1-1-1.jpg\" height=\"960\" width=\"720\"\/><\/div><\/div>\n<\/div><\/div>\n<\/div><\/section><\/div>\n\n\n\n<div class=\"guten-element guten-spacer guten-Mpqmi6\"><\/div>\n\n\n\n<div class=\"section-wrapper\" data-id=\"cuZNl8\"><section class=\"wp-block-gutenverse-section guten-element guten-section guten-cuZNl8 layout-boxed align-stretch\"><div class=\"guten-container guten-column-gap-default\">\n<div class=\"wp-block-gutenverse-column guten-element guten-column guten-VgVa5Y\"><div class=\"guten-column-wrapper\" data-id=\"VgVa5Y\">\n<div class=\"wp-block-gutenverse-image guten-element guten-image guten-SE7tXd\"><div class=\"guten-image-wrapper\"><img loading=\"lazy\" decoding=\"async\" class=\"gutenverse-image-box-filled\" src=\"http:\/\/udvazamalfiparton.com\/wp-content\/uploads\/2026\/01\/Finestra-Hegy-1.jpg\" height=\"1080\" width=\"1920\"\/><\/div><\/div>\n<\/div><\/div>\n\n\n\n<div class=\"wp-block-gutenverse-column guten-element guten-column guten-Ri0Tef\"><div class=\"guten-column-wrapper\" data-id=\"Ri0Tef\">\n<h2 class=\"wp-block-gutenverse-heading guten-element guten-EMUNe9\"><strong>FINESTRA- HEGY<\/strong><br><\/h2>\n\n\n\n<div class=\"guten-element gutenverse-text-editor guten-inZnbj\"><div class=\"text-content-inner\">\n<p>We will be at the top of Monte Finestra at an altitude of 1138m. It is the most difficult hike among my guided hikes, but it is worth every kilometer. On a vertical mountain, we will cover more than 750 meters of elevation in less than 2km. Upon reaching the top, a spectacular 360\u00b0 view of the Lattari Mountains, Vesuvius, the Picentini and Alburni Mountains, and of course the Amalfi Coast opens up before us. Breathtaking! You can find more pictures and videos on my social media pages.&nbsp;<\/p>\n\n\n\n<p>Duration: 5 hours<\/p>\n\n\n\n<p>Difficulty: Hard&nbsp;<\/p>\n\n\n\n<p>Distance 7km<\/p>\n<\/div><\/div>\n\n\n\n<div class=\"guten-element guten-button-wrapper guten-tSGCqq\"><a class=\"guten-button guten-button-sm\" href=\"#contact\"><span>I am interested<\/span><\/a><\/div>\n<\/div><\/div>\n<\/div><\/section><\/div>","protected":false},"excerpt":{"rendered":"","protected":false},"author":1,"featured_media":0,"parent":0,"menu_order":0,"comment_status":"closed","ping_status":"closed","template":"","meta":{"footnotes":""},"class_list":["post-176","page","type-page","status-publish","hentry"],"yoast_head":"<!-- This site is optimized with the Yoast SEO plugin v26.7 - https:\/\/yoast.com\/wordpress\/plugins\/seo\/ -->\n<title>T\u00far\u00e1k - \u00dcdv az Amalfiparton<\/title>\n<meta name=\"robots\" content=\"index, follow, max-snippet:-1, max-image-preview:large, max-video-preview:-1\" \/>\n<link rel=\"canonical\" href=\"https:\/\/udvazamalfiparton.com\/en\/turak\/\" \/>\n<meta property=\"og:locale\" content=\"en_US\" \/>\n<meta property=\"og:type\" content=\"article\" \/>\n<meta property=\"og:title\" content=\"T\u00far\u00e1k - \u00dcdv az Amalfiparton\" \/>\n<meta property=\"og:url\" content=\"https:\/\/udvazamalfiparton.com\/en\/turak\/\" \/>\n<meta property=\"og:site_name\" content=\"\u00dcdv az Amalfiparton\" \/>\n<meta property=\"article:publisher\" content=\"https:\/\/www.facebook.com\/people\/%c3%9cdv-az-Amalfi-parton\/61561376835286\/\" \/>\n<meta property=\"article:modified_time\" content=\"2026-01-29T06:15:36+00:00\" \/>\n<meta property=\"og:image\" content=\"https:\/\/amalfi.betonsoft.hu\/wp-content\/uploads\/2025\/12\/istenek-utja-e1765436642350.jpg\" \/>\n<meta name=\"twitter:card\" content=\"summary_large_image\" \/>\n<meta name=\"twitter:label1\" content=\"Est. reading time\" \/>\n\t<meta name=\"twitter:data1\" content=\"3 minutes\" \/>\n<script type=\"application\/ld+json\" class=\"yoast-schema-graph\">{\"@context\":\"https:\/\/schema.org\",\"@graph\":[{\"@type\":\"WebPage\",\"@id\":\"https:\/\/udvazamalfiparton.com\/turak\/\",\"url\":\"https:\/\/udvazamalfiparton.com\/turak\/\",\"name\":\"T\u00far\u00e1k - \u00dcdv az Amalfiparton\",\"isPartOf\":{\"@id\":\"https:\/\/udvazamalfiparton.com\/#website\"},\"primaryImageOfPage\":{\"@id\":\"https:\/\/udvazamalfiparton.com\/turak\/#primaryimage\"},\"image\":{\"@id\":\"https:\/\/udvazamalfiparton.com\/turak\/#primaryimage\"},\"thumbnailUrl\":\"https:\/\/amalfi.betonsoft.hu\/wp-content\/uploads\/2025\/12\/istenek-utja-e1765436642350.jpg\",\"datePublished\":\"2025-12-10T09:34:29+00:00\",\"dateModified\":\"2026-01-29T06:15:36+00:00\",\"breadcrumb\":{\"@id\":\"https:\/\/udvazamalfiparton.com\/turak\/#breadcrumb\"},\"inLanguage\":\"en-US\",\"potentialAction\":[{\"@type\":\"ReadAction\",\"target\":[\"https:\/\/udvazamalfiparton.com\/turak\/\"]}]},{\"@type\":\"ImageObject\",\"inLanguage\":\"en-US\",\"@id\":\"https:\/\/udvazamalfiparton.com\/turak\/#primaryimage\",\"url\":\"https:\/\/amalfi.betonsoft.hu\/wp-content\/uploads\/2025\/12\/istenek-utja-e1765436642350.jpg\",\"contentUrl\":\"https:\/\/amalfi.betonsoft.hu\/wp-content\/uploads\/2025\/12\/istenek-utja-e1765436642350.jpg\"},{\"@type\":\"BreadcrumbList\",\"@id\":\"https:\/\/udvazamalfiparton.com\/turak\/#breadcrumb\",\"itemListElement\":[{\"@type\":\"ListItem\",\"position\":1,\"name\":\"Home\",\"item\":\"https:\/\/udvazamalfiparton.com\/\"},{\"@type\":\"ListItem\",\"position\":2,\"name\":\"T\u00far\u00e1k\"}]},{\"@type\":\"WebSite\",\"@id\":\"https:\/\/udvazamalfiparton.com\/#website\",\"url\":\"https:\/\/udvazamalfiparton.com\/\",\"name\":\"\u00dcdv az Amalfi-parton\",\"description\":\"\",\"publisher\":{\"@id\":\"https:\/\/udvazamalfiparton.com\/#organization\"},\"alternateName\":\"\u00c9lm\u00e9nyek az Amalfi-parton magyar vezet\u00e9ssel\",\"potentialAction\":[{\"@type\":\"SearchAction\",\"target\":{\"@type\":\"EntryPoint\",\"urlTemplate\":\"https:\/\/udvazamalfiparton.com\/?s={search_term_string}\"},\"query-input\":{\"@type\":\"PropertyValueSpecification\",\"valueRequired\":true,\"valueName\":\"search_term_string\"}}],\"inLanguage\":\"en-US\"},{\"@type\":\"Organization\",\"@id\":\"https:\/\/udvazamalfiparton.com\/#organization\",\"name\":\"\u00dcdv az Amalfi-parton\",\"alternateName\":\"\u00c9lm\u00e9nyek az Amalfi-parton magyar vezet\u00e9ssel\",\"url\":\"https:\/\/udvazamalfiparton.com\/\",\"logo\":{\"@type\":\"ImageObject\",\"inLanguage\":\"en-US\",\"@id\":\"https:\/\/udvazamalfiparton.com\/#\/schema\/logo\/image\/\",\"url\":\"https:\/\/amalfi.betonsoft.hu\/wp-content\/uploads\/2026\/01\/amalfi-italy-coastal-town-skyline-on-the-tyrrheni-2025-03-24-00-14-43-utc-1-1024x683.jpg\",\"contentUrl\":\"https:\/\/amalfi.betonsoft.hu\/wp-content\/uploads\/2026\/01\/amalfi-italy-coastal-town-skyline-on-the-tyrrheni-2025-03-24-00-14-43-utc-1-1024x683.jpg\",\"width\":1024,\"height\":683,\"caption\":\"\u00dcdv az Amalfi-parton\"},\"image\":{\"@id\":\"https:\/\/udvazamalfiparton.com\/#\/schema\/logo\/image\/\"},\"sameAs\":[\"https:\/\/www.facebook.com\/people\/\u00dcdv-az-Amalfi-parton\/61561376835286\/\"]}]}<\/script>\n<!-- \/ Yoast SEO plugin. -->","yoast_head_json":{"title":"T\u00far\u00e1k - \u00dcdv az Amalfiparton","robots":{"index":"index","follow":"follow","max-snippet":"max-snippet:-1","max-image-preview":"max-image-preview:large","max-video-preview":"max-video-preview:-1"},"canonical":"https:\/\/udvazamalfiparton.com\/en\/turak\/","og_locale":"en_US","og_type":"article","og_title":"T\u00far\u00e1k - \u00dcdv az Amalfiparton","og_url":"https:\/\/udvazamalfiparton.com\/en\/turak\/","og_site_name":"\u00dcdv az Amalfiparton","article_publisher":"https:\/\/www.facebook.com\/people\/%c3%9cdv-az-Amalfi-parton\/61561376835286\/","article_modified_time":"2026-01-29T06:15:36+00:00","og_image":[{"url":"https:\/\/amalfi.betonsoft.hu\/wp-content\/uploads\/2025\/12\/istenek-utja-e1765436642350.jpg","type":"","width":"","height":""}],"twitter_card":"summary_large_image","twitter_misc":{"Est. reading time":"3 minutes"},"schema":{"@context":"https:\/\/schema.org","@graph":[{"@type":"WebPage","@id":"https:\/\/udvazamalfiparton.com\/turak\/","url":"https:\/\/udvazamalfiparton.com\/turak\/","name":"T\u00far\u00e1k - \u00dcdv az Amalfiparton","isPartOf":{"@id":"https:\/\/udvazamalfiparton.com\/#website"},"primaryImageOfPage":{"@id":"https:\/\/udvazamalfiparton.com\/turak\/#primaryimage"},"image":{"@id":"https:\/\/udvazamalfiparton.com\/turak\/#primaryimage"},"thumbnailUrl":"https:\/\/amalfi.betonsoft.hu\/wp-content\/uploads\/2025\/12\/istenek-utja-e1765436642350.jpg","datePublished":"2025-12-10T09:34:29+00:00","dateModified":"2026-01-29T06:15:36+00:00","breadcrumb":{"@id":"https:\/\/udvazamalfiparton.com\/turak\/#breadcrumb"},"inLanguage":"en-US","potentialAction":[{"@type":"ReadAction","target":["https:\/\/udvazamalfiparton.com\/turak\/"]}]},{"@type":"ImageObject","inLanguage":"en-US","@id":"https:\/\/udvazamalfiparton.com\/turak\/#primaryimage","url":"https:\/\/amalfi.betonsoft.hu\/wp-content\/uploads\/2025\/12\/istenek-utja-e1765436642350.jpg","contentUrl":"https:\/\/amalfi.betonsoft.hu\/wp-content\/uploads\/2025\/12\/istenek-utja-e1765436642350.jpg"},{"@type":"BreadcrumbList","@id":"https:\/\/udvazamalfiparton.com\/turak\/#breadcrumb","itemListElement":[{"@type":"ListItem","position":1,"name":"Home","item":"https:\/\/udvazamalfiparton.com\/"},{"@type":"ListItem","position":2,"name":"T\u00far\u00e1k"}]},{"@type":"WebSite","@id":"https:\/\/udvazamalfiparton.com\/#website","url":"https:\/\/udvazamalfiparton.com\/","name":"\u00dcdv az Amalfi-parton","description":"","publisher":{"@id":"https:\/\/udvazamalfiparton.com\/#organization"},"alternateName":"\u00c9lm\u00e9nyek az Amalfi-parton magyar vezet\u00e9ssel","potentialAction":[{"@type":"SearchAction","target":{"@type":"EntryPoint","urlTemplate":"https:\/\/udvazamalfiparton.com\/?s={search_term_string}"},"query-input":{"@type":"PropertyValueSpecification","valueRequired":true,"valueName":"search_term_string"}}],"inLanguage":"en-US"},{"@type":"Organization","@id":"https:\/\/udvazamalfiparton.com\/#organization","name":"\u00dcdv az Amalfi-parton","alternateName":"\u00c9lm\u00e9nyek az Amalfi-parton magyar vezet\u00e9ssel","url":"https:\/\/udvazamalfiparton.com\/","logo":{"@type":"ImageObject","inLanguage":"en-US","@id":"https:\/\/udvazamalfiparton.com\/#\/schema\/logo\/image\/","url":"https:\/\/amalfi.betonsoft.hu\/wp-content\/uploads\/2026\/01\/amalfi-italy-coastal-town-skyline-on-the-tyrrheni-2025-03-24-00-14-43-utc-1-1024x683.jpg","contentUrl":"https:\/\/amalfi.betonsoft.hu\/wp-content\/uploads\/2026\/01\/amalfi-italy-coastal-town-skyline-on-the-tyrrheni-2025-03-24-00-14-43-utc-1-1024x683.jpg","width":1024,"height":683,"caption":"\u00dcdv az Amalfi-parton"},"image":{"@id":"https:\/\/udvazamalfiparton.com\/#\/schema\/logo\/image\/"},"sameAs":["https:\/\/www.facebook.com\/people\/\u00dcdv-az-Amalfi-parton\/61561376835286\/"]}]}},"_links":{"self":[{"href":"https:\/\/udvazamalfiparton.com\/en\/wp-json\/wp\/v2\/pages\/176","targetHints":{"allow":["GET"]}}],"collection":[{"href":"https:\/\/udvazamalfiparton.com\/en\/wp-json\/wp\/v2\/pages"}],"about":[{"href":"https:\/\/udvazamalfiparton.com\/en\/wp-json\/wp\/v2\/types\/page"}],"author":[{"embeddable":true,"href":"https:\/\/udvazamalfiparton.com\/en\/wp-json\/wp\/v2\/users\/1"}],"replies":[{"embeddable":true,"href":"https:\/\/udvazamalfiparton.com\/en\/wp-json\/wp\/v2\/comments?post=176"}],"version-history":[{"count":12,"href":"https:\/\/udvazamalfiparton.com\/en\/wp-json\/wp\/v2\/pages\/176\/revisions"}],"predecessor-version":[{"id":421,"href":"https:\/\/udvazamalfiparton.com\/en\/wp-json\/wp\/v2\/pages\/176\/revisions\/421"}],"wp:attachment":[{"href":"https:\/\/udvazamalfiparton.com\/en\/wp-json\/wp\/v2\/media?parent=176"}],"curies":[{"name":"wp","href":"https:\/\/api.w.org\/{rel}","templated":true}]}}