{"id":178,"date":"2025-12-10T09:34:41","date_gmt":"2025-12-10T09:34:41","guid":{"rendered":"https:\/\/amalfi.betonsoft.hu\/?page_id=178"},"modified":"2026-01-29T06:11:23","modified_gmt":"2026-01-29T06:11:23","slug":"gasztro-programok","status":"publish","type":"page","link":"https:\/\/udvazamalfiparton.com\/en\/gasztro-programok\/","title":{"rendered":"Gastronomic programs"},"content":{"rendered":"<div class=\"section-wrapper\" data-id=\"XzY3Il\"><section class=\"wp-block-gutenverse-section guten-element guten-section guten-XzY3Il layout-boxed align-stretch\"><div class=\"guten-container guten-column-gap-default\">\n<div class=\"wp-block-gutenverse-column guten-element guten-column guten-ZLGtbS\"><div class=\"guten-column-wrapper\" data-id=\"ZLGtbS\">\n<h2 class=\"wp-block-gutenverse-heading guten-element guten-iMND7O\"><strong>Lunch along the Lemon Trail<\/strong><br><\/h2>\n\n\n\n<div class=\"guten-element gutenverse-text-editor guten-wjbH7c\"><div class=\"text-content-inner\">\n<p><strong>Az \u00fcltetv\u00e9ny felfedez\u00e9se egy ott \u00e9l\u0151 kertj\u00e9ben<\/strong><\/p>\n\n\n\n<p>On this program, we will walk around the cozy, panoramic garden, where the residents see us as guests.<\/p>\n\n\n\n<p>25\u20ac\/person<\/p>\n\n\n\n<p><\/p>\n\n\n\n<p>What it includes: welcome drink, seasonal vegetable and fruit tasting, homemade lemon cake and a gift box.<\/p>\n\n\n\n<p><\/p>\n\n\n\n<p><strong>COOKING CLASS&nbsp;<\/strong><\/p>\n\n\n\n<p>With the help of the Chef, we will master the secret recipe of Italian pasta together, under the cozy panoramic lemon plantation, where we will prepare our meal from the garden vegetables. On this program, we can get to know the traditional southern Italian cuisine!<\/p>\n\n\n\n<p>130\u20ac\/person<\/p>\n\n\n\n<p><\/p>\n\n\n\n<p><strong>COOKING SHOW<\/strong><\/p>\n\n\n\n<p>There are those who are not interested in learning to cook, but would like to experience this atmosphere under the Lemon Plantation. I recommend this program to them. Here the Chef gives us a demonstration on how to prepare the dishes.<\/p>\n\n\n\n<p>50\u20ac\/person Minimum number of guests: 8 people If the number of guests is less, the price may vary.<\/p>\n\n\n\n<p>What it includes: Welcome drink, appetizer, pasta and dessert. Gift box.<\/p>\n<\/div><\/div>\n\n\n\n<div class=\"guten-element guten-button-wrapper guten-4y4ki4\"><a class=\"guten-button guten-button-sm\" href=\"#contact\"><span>I am interested<\/span><\/a><\/div>\n<\/div><\/div>\n\n\n\n<div class=\"wp-block-gutenverse-column guten-element guten-column guten-jtte9n\"><div class=\"guten-column-wrapper\" data-id=\"jtte9n\">\n<div class=\"wp-block-gutenverse-image guten-element guten-image guten-HiWaRV\"><div class=\"guten-image-wrapper\"><img loading=\"lazy\" decoding=\"async\" class=\"gutenverse-image-box-filled\" src=\"http:\/\/udvazamalfiparton.com\/wp-content\/uploads\/2026\/01\/Ebed-a-Citrom-osveny-menten_.webp\" height=\"1124\" width=\"899\"\/><\/div><\/div>\n<\/div><\/div>\n<\/div><\/section><\/div>\n\n\n\n<div class=\"guten-element guten-spacer guten-ykyjyk\"><\/div>\n\n\n\n<div class=\"section-wrapper\" data-id=\"Ol1biY\"><section class=\"wp-block-gutenverse-section guten-element guten-section guten-Ol1biY layout-boxed align-stretch\"><div class=\"guten-container guten-column-gap-default\">\n<div class=\"wp-block-gutenverse-column guten-element guten-column guten-0kp9Us\"><div class=\"guten-column-wrapper\" data-id=\"0kp9Us\">\n<div class=\"wp-block-gutenverse-image guten-element guten-image guten-wbNOIa\"><div class=\"guten-image-wrapper\"><img loading=\"lazy\" decoding=\"async\" class=\"gutenverse-image-box-filled\" src=\"http:\/\/udvazamalfiparton.com\/wp-content\/uploads\/2026\/01\/Agerolese-tradicionalis-ebed-es-likor-kostolo-.webp\" height=\"1350\" width=\"1080\"\/><\/div><\/div>\n<\/div><\/div>\n\n\n\n<div class=\"wp-block-gutenverse-column guten-element guten-column guten-vP9M2X\"><div class=\"guten-column-wrapper\" data-id=\"vP9M2X\">\n<h2 class=\"wp-block-gutenverse-heading guten-element guten-IlJm9U\"><strong>Agerolese traditional lunch and liqueur tasting<\/strong><br><\/h2>\n\n\n\n<div class=\"guten-element gutenverse-text-editor guten-YIu46j\"><div class=\"text-content-inner\">\n<p>In this program I would like to guide you in more detail into the world of gastronomy. While at the MANUFACTURER you can learn about the production of food and drinks and also get a tasting of them, in this program I invite you to an Agroturismo, where we will show you what an Italian hearty, delicious lunch is like, made from ingredients from local farmers. I would like you not to have to worry about where to book a table, where to go if the restaurant is not open, looking at reviews online, finding it and finally navigating the menu. Leave all this to me and get to know the food and liqueurs of Agerola better with me. I would like to offer you a good gastronomic experience where I can show you what Italian food is like.<\/p>\n\n\n\n<p><\/p>\n\n\n\n<p><strong>WHAT IT CONTAINS:<\/strong><\/p>\n\n\n\n<p>\u2022 5-6 course appetizer<\/p>\n\n\n\n<p>\u2022 an Italian pasta dish for the main course<\/p>\n\n\n\n<p>\u2022 a bottle of mineral water, a glass of wine<\/p>\n\n\n\n<p>\u2022 5 different liqueurs&nbsp;<\/p>\n\n\n\n<p>\u2022 We will go to one of the high points of the peninsula and will encounter a panorama worthy of a picture.<\/p>\n\n\n\n<p><\/p>\n\n\n\n<p><strong>DURATION: 2-3 HOURS<\/strong>: 2-3 \u00d3RA<\/p>\n\n\n\n<p><strong>LOCATION: Agerola<\/strong>: Agerola&nbsp;<\/p>\n\n\n\n<p><strong>Price:<\/strong>Price: 50\u20ac\/person<\/p>\n<\/div><\/div>\n\n\n\n<div class=\"guten-element guten-button-wrapper guten-dqfqSH\"><a class=\"guten-button guten-button-sm\" href=\"#contact\"><span>I am interested<\/span><\/a><\/div>\n<\/div><\/div>\n<\/div><\/section><\/div>\n\n\n\n<div class=\"guten-element guten-spacer guten-ykyjyk\"><\/div>\n\n\n\n<div class=\"section-wrapper\" data-id=\"XzY3Il\"><section class=\"wp-block-gutenverse-section guten-element guten-section guten-XzY3Il layout-boxed align-stretch\"><div class=\"guten-container guten-column-gap-default\">\n<div class=\"wp-block-gutenverse-column guten-element guten-column guten-ZLGtbS\"><div class=\"guten-column-wrapper\" data-id=\"ZLGtbS\">\n<h2 class=\"wp-block-gutenverse-heading guten-element guten-iMND7O\">MANUFACTURE<br><\/h2>\n\n\n\n<div class=\"guten-element gutenverse-text-editor guten-wjbH7c\"><div class=\"text-content-inner\">\n<p><strong>Cheese\/Mozzarella Manufactory<\/strong><\/p>\n\n\n\n<p><strong>Liqueur\/Limoncello Manufactory&nbsp;<br>Pasta Manufactory&nbsp;<\/strong><br><\/p>\n\n\n\n<p>Learn more about Italian gastronomy and the preparation process. In this program we go to the Manufaktura, where they take us around and show us where the divinely delicious product ends up on the restaurant table or on the shelves of stores. It is very interesting to see the process and learn about the techniques they use. This program can be supplemented with other services.<\/p>\n<\/div><\/div>\n\n\n\n<div class=\"guten-element guten-button-wrapper guten-4y4ki4\"><a class=\"guten-button guten-button-sm\" href=\"#contact\"><span>I am interested<\/span><\/a><\/div>\n<\/div><\/div>\n\n\n\n<div class=\"wp-block-gutenverse-column guten-element guten-column guten-jtte9n\"><div class=\"guten-column-wrapper\" data-id=\"jtte9n\">\n<div class=\"wp-block-gutenverse-image guten-element guten-image guten-HiWaRV\"><div class=\"guten-image-wrapper\"><img loading=\"lazy\" decoding=\"async\" class=\"gutenverse-image-box-filled\" src=\"http:\/\/udvazamalfiparton.com\/wp-content\/uploads\/2026\/01\/ManufakTURA.webp\" height=\"1512\" width=\"1210\"\/><\/div><\/div>\n<\/div><\/div>\n<\/div><\/section><\/div>","protected":false},"excerpt":{"rendered":"","protected":false},"author":1,"featured_media":0,"parent":0,"menu_order":0,"comment_status":"closed","ping_status":"closed","template":"","meta":{"footnotes":""},"class_list":["post-178","page","type-page","status-publish","hentry"],"yoast_head":"<!-- This site is optimized with the Yoast SEO plugin v26.7 - https:\/\/yoast.com\/wordpress\/plugins\/seo\/ -->\n<title>Gasztro programok - \u00dcdv az Amalfiparton<\/title>\n<meta name=\"robots\" content=\"index, follow, max-snippet:-1, max-image-preview:large, max-video-preview:-1\" \/>\n<link rel=\"canonical\" href=\"https:\/\/udvazamalfiparton.com\/en\/gasztro-programok\/\" \/>\n<meta property=\"og:locale\" content=\"en_US\" \/>\n<meta property=\"og:type\" content=\"article\" \/>\n<meta property=\"og:title\" content=\"Gasztro programok - \u00dcdv az Amalfiparton\" \/>\n<meta property=\"og:url\" content=\"https:\/\/udvazamalfiparton.com\/en\/gasztro-programok\/\" \/>\n<meta property=\"og:site_name\" content=\"\u00dcdv az Amalfiparton\" \/>\n<meta property=\"article:publisher\" content=\"https:\/\/www.facebook.com\/people\/%c3%9cdv-az-Amalfi-parton\/61561376835286\/\" \/>\n<meta property=\"article:modified_time\" content=\"2026-01-29T06:11:23+00:00\" \/>\n<meta property=\"og:image\" content=\"http:\/\/udvazamalfiparton.com\/wp-content\/uploads\/2026\/01\/Ebed-a-Citrom-osveny-menten_.webp\" \/>\n<meta name=\"twitter:card\" content=\"summary_large_image\" \/>\n<meta name=\"twitter:label1\" content=\"Est. reading time\" \/>\n\t<meta name=\"twitter:data1\" content=\"3 minutes\" \/>\n<script type=\"application\/ld+json\" class=\"yoast-schema-graph\">{\"@context\":\"https:\/\/schema.org\",\"@graph\":[{\"@type\":\"WebPage\",\"@id\":\"https:\/\/udvazamalfiparton.com\/en\/gasztro-programok\/\",\"url\":\"https:\/\/udvazamalfiparton.com\/en\/gasztro-programok\/\",\"name\":\"Gasztro programok - \u00dcdv az Amalfiparton\",\"isPartOf\":{\"@id\":\"https:\/\/udvazamalfiparton.com\/#website\"},\"primaryImageOfPage\":{\"@id\":\"https:\/\/udvazamalfiparton.com\/en\/gasztro-programok\/#primaryimage\"},\"image\":{\"@id\":\"https:\/\/udvazamalfiparton.com\/en\/gasztro-programok\/#primaryimage\"},\"thumbnailUrl\":\"http:\/\/udvazamalfiparton.com\/wp-content\/uploads\/2026\/01\/Ebed-a-Citrom-osveny-menten_.webp\",\"datePublished\":\"2025-12-10T09:34:41+00:00\",\"dateModified\":\"2026-01-29T06:11:23+00:00\",\"breadcrumb\":{\"@id\":\"https:\/\/udvazamalfiparton.com\/en\/gasztro-programok\/#breadcrumb\"},\"inLanguage\":\"en-US\",\"potentialAction\":[{\"@type\":\"ReadAction\",\"target\":[\"https:\/\/udvazamalfiparton.com\/en\/gasztro-programok\/\"]}]},{\"@type\":\"ImageObject\",\"inLanguage\":\"en-US\",\"@id\":\"https:\/\/udvazamalfiparton.com\/en\/gasztro-programok\/#primaryimage\",\"url\":\"http:\/\/udvazamalfiparton.com\/wp-content\/uploads\/2026\/01\/Ebed-a-Citrom-osveny-menten_.webp\",\"contentUrl\":\"http:\/\/udvazamalfiparton.com\/wp-content\/uploads\/2026\/01\/Ebed-a-Citrom-osveny-menten_.webp\"},{\"@type\":\"BreadcrumbList\",\"@id\":\"https:\/\/udvazamalfiparton.com\/en\/gasztro-programok\/#breadcrumb\",\"itemListElement\":[{\"@type\":\"ListItem\",\"position\":1,\"name\":\"Home\",\"item\":\"https:\/\/udvazamalfiparton.com\/\"},{\"@type\":\"ListItem\",\"position\":2,\"name\":\"Gasztro programok\"}]},{\"@type\":\"WebSite\",\"@id\":\"https:\/\/udvazamalfiparton.com\/#website\",\"url\":\"https:\/\/udvazamalfiparton.com\/\",\"name\":\"\u00dcdv az Amalfi-parton\",\"description\":\"\",\"publisher\":{\"@id\":\"https:\/\/udvazamalfiparton.com\/#organization\"},\"alternateName\":\"\u00c9lm\u00e9nyek az Amalfi-parton magyar vezet\u00e9ssel\",\"potentialAction\":[{\"@type\":\"SearchAction\",\"target\":{\"@type\":\"EntryPoint\",\"urlTemplate\":\"https:\/\/udvazamalfiparton.com\/?s={search_term_string}\"},\"query-input\":{\"@type\":\"PropertyValueSpecification\",\"valueRequired\":true,\"valueName\":\"search_term_string\"}}],\"inLanguage\":\"en-US\"},{\"@type\":\"Organization\",\"@id\":\"https:\/\/udvazamalfiparton.com\/#organization\",\"name\":\"\u00dcdv az Amalfi-parton\",\"alternateName\":\"\u00c9lm\u00e9nyek az Amalfi-parton magyar vezet\u00e9ssel\",\"url\":\"https:\/\/udvazamalfiparton.com\/\",\"logo\":{\"@type\":\"ImageObject\",\"inLanguage\":\"en-US\",\"@id\":\"https:\/\/udvazamalfiparton.com\/#\/schema\/logo\/image\/\",\"url\":\"https:\/\/amalfi.betonsoft.hu\/wp-content\/uploads\/2026\/01\/amalfi-italy-coastal-town-skyline-on-the-tyrrheni-2025-03-24-00-14-43-utc-1-1024x683.jpg\",\"contentUrl\":\"https:\/\/amalfi.betonsoft.hu\/wp-content\/uploads\/2026\/01\/amalfi-italy-coastal-town-skyline-on-the-tyrrheni-2025-03-24-00-14-43-utc-1-1024x683.jpg\",\"width\":1024,\"height\":683,\"caption\":\"\u00dcdv az Amalfi-parton\"},\"image\":{\"@id\":\"https:\/\/udvazamalfiparton.com\/#\/schema\/logo\/image\/\"},\"sameAs\":[\"https:\/\/www.facebook.com\/people\/\u00dcdv-az-Amalfi-parton\/61561376835286\/\"]}]}<\/script>\n<!-- \/ Yoast SEO plugin. -->","yoast_head_json":{"title":"Gasztro programok - \u00dcdv az Amalfiparton","robots":{"index":"index","follow":"follow","max-snippet":"max-snippet:-1","max-image-preview":"max-image-preview:large","max-video-preview":"max-video-preview:-1"},"canonical":"https:\/\/udvazamalfiparton.com\/en\/gasztro-programok\/","og_locale":"en_US","og_type":"article","og_title":"Gasztro programok - \u00dcdv az Amalfiparton","og_url":"https:\/\/udvazamalfiparton.com\/en\/gasztro-programok\/","og_site_name":"\u00dcdv az Amalfiparton","article_publisher":"https:\/\/www.facebook.com\/people\/%c3%9cdv-az-Amalfi-parton\/61561376835286\/","article_modified_time":"2026-01-29T06:11:23+00:00","og_image":[{"url":"http:\/\/udvazamalfiparton.com\/wp-content\/uploads\/2026\/01\/Ebed-a-Citrom-osveny-menten_.webp","type":"","width":"","height":""}],"twitter_card":"summary_large_image","twitter_misc":{"Est. reading time":"3 minutes"},"schema":{"@context":"https:\/\/schema.org","@graph":[{"@type":"WebPage","@id":"https:\/\/udvazamalfiparton.com\/en\/gasztro-programok\/","url":"https:\/\/udvazamalfiparton.com\/en\/gasztro-programok\/","name":"Gasztro programok - \u00dcdv az Amalfiparton","isPartOf":{"@id":"https:\/\/udvazamalfiparton.com\/#website"},"primaryImageOfPage":{"@id":"https:\/\/udvazamalfiparton.com\/en\/gasztro-programok\/#primaryimage"},"image":{"@id":"https:\/\/udvazamalfiparton.com\/en\/gasztro-programok\/#primaryimage"},"thumbnailUrl":"http:\/\/udvazamalfiparton.com\/wp-content\/uploads\/2026\/01\/Ebed-a-Citrom-osveny-menten_.webp","datePublished":"2025-12-10T09:34:41+00:00","dateModified":"2026-01-29T06:11:23+00:00","breadcrumb":{"@id":"https:\/\/udvazamalfiparton.com\/en\/gasztro-programok\/#breadcrumb"},"inLanguage":"en-US","potentialAction":[{"@type":"ReadAction","target":["https:\/\/udvazamalfiparton.com\/en\/gasztro-programok\/"]}]},{"@type":"ImageObject","inLanguage":"en-US","@id":"https:\/\/udvazamalfiparton.com\/en\/gasztro-programok\/#primaryimage","url":"http:\/\/udvazamalfiparton.com\/wp-content\/uploads\/2026\/01\/Ebed-a-Citrom-osveny-menten_.webp","contentUrl":"http:\/\/udvazamalfiparton.com\/wp-content\/uploads\/2026\/01\/Ebed-a-Citrom-osveny-menten_.webp"},{"@type":"BreadcrumbList","@id":"https:\/\/udvazamalfiparton.com\/en\/gasztro-programok\/#breadcrumb","itemListElement":[{"@type":"ListItem","position":1,"name":"Home","item":"https:\/\/udvazamalfiparton.com\/"},{"@type":"ListItem","position":2,"name":"Gasztro programok"}]},{"@type":"WebSite","@id":"https:\/\/udvazamalfiparton.com\/#website","url":"https:\/\/udvazamalfiparton.com\/","name":"\u00dcdv az Amalfi-parton","description":"","publisher":{"@id":"https:\/\/udvazamalfiparton.com\/#organization"},"alternateName":"\u00c9lm\u00e9nyek az Amalfi-parton magyar vezet\u00e9ssel","potentialAction":[{"@type":"SearchAction","target":{"@type":"EntryPoint","urlTemplate":"https:\/\/udvazamalfiparton.com\/?s={search_term_string}"},"query-input":{"@type":"PropertyValueSpecification","valueRequired":true,"valueName":"search_term_string"}}],"inLanguage":"en-US"},{"@type":"Organization","@id":"https:\/\/udvazamalfiparton.com\/#organization","name":"\u00dcdv az Amalfi-parton","alternateName":"\u00c9lm\u00e9nyek az Amalfi-parton magyar vezet\u00e9ssel","url":"https:\/\/udvazamalfiparton.com\/","logo":{"@type":"ImageObject","inLanguage":"en-US","@id":"https:\/\/udvazamalfiparton.com\/#\/schema\/logo\/image\/","url":"https:\/\/amalfi.betonsoft.hu\/wp-content\/uploads\/2026\/01\/amalfi-italy-coastal-town-skyline-on-the-tyrrheni-2025-03-24-00-14-43-utc-1-1024x683.jpg","contentUrl":"https:\/\/amalfi.betonsoft.hu\/wp-content\/uploads\/2026\/01\/amalfi-italy-coastal-town-skyline-on-the-tyrrheni-2025-03-24-00-14-43-utc-1-1024x683.jpg","width":1024,"height":683,"caption":"\u00dcdv az Amalfi-parton"},"image":{"@id":"https:\/\/udvazamalfiparton.com\/#\/schema\/logo\/image\/"},"sameAs":["https:\/\/www.facebook.com\/people\/\u00dcdv-az-Amalfi-parton\/61561376835286\/"]}]}},"_links":{"self":[{"href":"https:\/\/udvazamalfiparton.com\/en\/wp-json\/wp\/v2\/pages\/178","targetHints":{"allow":["GET"]}}],"collection":[{"href":"https:\/\/udvazamalfiparton.com\/en\/wp-json\/wp\/v2\/pages"}],"about":[{"href":"https:\/\/udvazamalfiparton.com\/en\/wp-json\/wp\/v2\/types\/page"}],"author":[{"embeddable":true,"href":"https:\/\/udvazamalfiparton.com\/en\/wp-json\/wp\/v2\/users\/1"}],"replies":[{"embeddable":true,"href":"https:\/\/udvazamalfiparton.com\/en\/wp-json\/wp\/v2\/comments?post=178"}],"version-history":[{"count":9,"href":"https:\/\/udvazamalfiparton.com\/en\/wp-json\/wp\/v2\/pages\/178\/revisions"}],"predecessor-version":[{"id":418,"href":"https:\/\/udvazamalfiparton.com\/en\/wp-json\/wp\/v2\/pages\/178\/revisions\/418"}],"wp:attachment":[{"href":"https:\/\/udvazamalfiparton.com\/en\/wp-json\/wp\/v2\/media?parent=178"}],"curies":[{"name":"wp","href":"https:\/\/api.w.org\/{rel}","templated":true}]}}