{"id":180,"date":"2025-12-10T09:34:52","date_gmt":"2025-12-10T09:34:52","guid":{"rendered":"https:\/\/amalfi.betonsoft.hu\/?page_id=180"},"modified":"2026-02-02T12:02:15","modified_gmt":"2026-02-02T12:02:15","slug":"workshopok","status":"publish","type":"page","link":"https:\/\/udvazamalfiparton.com\/en\/workshopok\/","title":{"rendered":"Workshops"},"content":{"rendered":"<div class=\"section-wrapper\" data-id=\"LAYGa3\"><section class=\"wp-block-gutenverse-section guten-element guten-section guten-LAYGa3 layout-boxed align-stretch\"><div class=\"guten-container guten-column-gap-default\">\n<div class=\"wp-block-gutenverse-column guten-element guten-column guten-FlElcj\"><div class=\"guten-column-wrapper\" data-id=\"FlElcj\">\n<h2 class=\"wp-block-gutenverse-heading guten-element guten-XEtwbN\"><strong>PIZZA WORKSHOP&nbsp;<\/strong><br><\/h2>\n\n\n\n<div class=\"guten-element gutenverse-text-editor guten-k4h2Du\"><div class=\"text-content-inner\">\n<p>What it contains:&nbsp;<\/p>\n\n\n\n<p>\u2022A pizza made by us&nbsp;<\/p>\n\n\n\n<p>Aperitivo<\/p>\n\n\n\n<p>\u2022Traditional dessert, 3 different ice creams&nbsp;<\/p>\n\n\n\n<p>DURATION: 2-3 hours<\/p>\n\n\n\n<p>Price: 45\u20ac\/person<\/p>\n<\/div><\/div>\n\n\n\n<div class=\"guten-element guten-button-wrapper guten-FJly5o\"><a class=\"guten-button guten-button-sm\" href=\"#contact\"><span>I am interested<\/span><\/a><\/div>\n<\/div><\/div>\n\n\n\n<div class=\"wp-block-gutenverse-column guten-element guten-column guten-rmdpyd\"><div class=\"guten-column-wrapper\" data-id=\"rmdpyd\">\n<div class=\"wp-block-gutenverse-image guten-element guten-image guten-wCWuMg\"><div class=\"guten-image-wrapper\"><img loading=\"lazy\" decoding=\"async\" class=\"gutenverse-image-box-filled\" src=\"http:\/\/udvazamalfiparton.com\/wp-content\/uploads\/2026\/01\/Pizza-workshop-1-rotated-e1770033725541.jpg\" height=\"1715\" width=\"1082\"\/><\/div><\/div>\n<\/div><\/div>\n<\/div><\/section><\/div>\n\n\n\n<div class=\"guten-element guten-spacer guten-x4U5R0\"><\/div>\n\n\n\n<div class=\"section-wrapper\" data-id=\"Rs2OpP\"><section class=\"wp-block-gutenverse-section guten-element guten-section guten-Rs2OpP layout-boxed align-stretch\"><div class=\"guten-container guten-column-gap-default\">\n<div class=\"wp-block-gutenverse-column guten-element guten-column guten-AN3nHM\"><div class=\"guten-column-wrapper\" data-id=\"AN3nHM\">\n<div class=\"wp-block-gutenverse-image guten-element guten-image guten-GrIT3P\"><div class=\"guten-image-wrapper\"><img loading=\"lazy\" decoding=\"async\" class=\"gutenverse-image-box-filled\" src=\"http:\/\/udvazamalfiparton.com\/wp-content\/uploads\/2026\/01\/Cooking-class-Nonnaval-1-rotated.jpg\" height=\"1920\" width=\"1440\"\/><\/div><\/div>\n<\/div><\/div>\n\n\n\n<div class=\"wp-block-gutenverse-column guten-element guten-column guten-MCmGXp\"><div class=\"guten-column-wrapper\" data-id=\"MCmGXp\">\n<h2 class=\"wp-block-gutenverse-heading guten-element guten-YNbq0w\"><strong>COOKING CLASS NONN\u00c1VAL<\/strong><br><\/h2>\n\n\n\n<div class=\"guten-element gutenverse-text-editor guten-KsCTcJ\"><div class=\"text-content-inner\">\n<p>In this program you can learn the true home-made flavors and recipes. A Southern Italian Nonna shares with us her family recipes from several generations. You will definitely not find these dishes in restaurants. If you are looking for a cozy, homely atmosphere where you can gain insight into the kitchen of an ordinary Italian Mamma, then this is the program for you!<\/p>\n\n\n\n<p>Duration 2 hours<\/p>\n\n\n\n<p>Price: 40\u20ac\/person<\/p>\n\n\n\n<p><\/p>\n<\/div><\/div>\n\n\n\n<div class=\"guten-element guten-button-wrapper guten-nwfX46\"><a class=\"guten-button guten-button-sm\" href=\"#contact\"><span>I am interested<\/span><\/a><\/div>\n<\/div><\/div>\n<\/div><\/section><\/div>\n\n\n\n<div class=\"guten-element guten-spacer guten-x4U5R0\"><\/div>\n\n\n\n<div class=\"section-wrapper\" data-id=\"LAYGa3\"><section class=\"wp-block-gutenverse-section guten-element guten-section guten-LAYGa3 layout-boxed align-stretch\"><div class=\"guten-container guten-column-gap-default\">\n<div class=\"wp-block-gutenverse-column guten-element guten-column guten-FlElcj\"><div class=\"guten-column-wrapper\" data-id=\"FlElcj\">\n<h2 class=\"wp-block-gutenverse-heading guten-element guten-XEtwbN\"><strong>YOGA CLASS<\/strong><br><\/h2>\n\n\n\n<div class=\"guten-element gutenverse-text-editor guten-k4h2Du\"><div class=\"text-content-inner\">\n<p>I recommend this program to yoga lovers who would like to start their day in a peaceful environment, with panoramic views and the beautiful light of the sunrise during their vacation. This program can be attended by people of different nationalities.<\/p>\n\n\n\n<p>Duration: 1 hour<\/p>\n\n\n\n<p>Location: Agerol&nbsp;<\/p>\n\n\n\n<p>Price: \u20ac30<\/p>\n<\/div><\/div>\n\n\n\n<div class=\"guten-element guten-button-wrapper guten-FJly5o\"><a class=\"guten-button guten-button-sm\" href=\"#contact\"><span>I am interested<\/span><\/a><\/div>\n<\/div><\/div>\n\n\n\n<div class=\"wp-block-gutenverse-column guten-element guten-column guten-rmdpyd\"><div class=\"guten-column-wrapper\" data-id=\"rmdpyd\">\n<div class=\"wp-block-gutenverse-image guten-element guten-image guten-wCWuMg\"><div class=\"guten-image-wrapper\"><img loading=\"lazy\" decoding=\"async\" class=\"gutenverse-image-box-filled\" src=\"http:\/\/udvazamalfiparton.com\/wp-content\/uploads\/2026\/01\/Joga-ora-1.jpg\" height=\"1080\" width=\"1920\"\/><\/div><\/div>\n<\/div><\/div>\n<\/div><\/section><\/div>\n\n\n\n<div class=\"guten-element guten-spacer guten-x4U5R0\"><\/div>\n\n\n\n<div class=\"section-wrapper\" data-id=\"Rs2OpP\"><section class=\"wp-block-gutenverse-section guten-element guten-section guten-Rs2OpP layout-boxed align-stretch\"><div class=\"guten-container guten-column-gap-default\">\n<div class=\"wp-block-gutenverse-column guten-element guten-column guten-AN3nHM\"><div class=\"guten-column-wrapper\" data-id=\"AN3nHM\">\n<div class=\"wp-block-gutenverse-image guten-element guten-image guten-GrIT3P\"><div class=\"guten-image-wrapper\"><img loading=\"lazy\" decoding=\"async\" class=\"gutenverse-image-box-filled\" src=\"http:\/\/udvazamalfiparton.com\/wp-content\/uploads\/2026\/01\/Keramia-workshop.jpg\" height=\"1347\" width=\"1080\"\/><\/div><\/div>\n<\/div><\/div>\n\n\n\n<div class=\"wp-block-gutenverse-column guten-element guten-column guten-MCmGXp\"><div class=\"guten-column-wrapper\" data-id=\"MCmGXp\">\n<h2 class=\"wp-block-gutenverse-heading guten-element guten-YNbq0w\"><strong>CERAMICS WORKSHOP<\/strong><br><\/h2>\n\n\n\n<div class=\"guten-element gutenverse-text-editor guten-KsCTcJ\"><div class=\"text-content-inner\">\n<p>Southern Italy and the Amalfi Coast in particular are famous for their gastronomy as well as their ceramic production. You can admire this in various towns on the Amalfi Coast. This workshop is guaranteed to be an unforgettable experience. You can make a bowl, mug\u2026 of your choice according to your own taste, while listening to atmospheric music while a local artist tells us about the history of ceramic production.&nbsp;<\/p>\n\n\n\n<p><strong>\u2022 Duration: 1-2 hours<\/strong><\/p>\n\n\n\n<p><strong>\u2022 Price: 1 hour 30\u20ac\/person<\/strong><\/p>\n\n\n\n<p><\/p>\n<\/div><\/div>\n\n\n\n<div class=\"guten-element guten-button-wrapper guten-nwfX46\"><a class=\"guten-button guten-button-sm\" href=\"#contact\"><span>I am interested<\/span><\/a><\/div>\n<\/div><\/div>\n<\/div><\/section><\/div>","protected":false},"excerpt":{"rendered":"","protected":false},"author":1,"featured_media":0,"parent":0,"menu_order":0,"comment_status":"closed","ping_status":"closed","template":"","meta":{"footnotes":""},"class_list":["post-180","page","type-page","status-publish","hentry"],"yoast_head":"<!-- This site is optimized with the Yoast SEO plugin v26.7 - https:\/\/yoast.com\/wordpress\/plugins\/seo\/ -->\n<title>Workshopok - \u00dcdv az Amalfiparton<\/title>\n<meta name=\"robots\" content=\"index, follow, max-snippet:-1, max-image-preview:large, max-video-preview:-1\" \/>\n<link rel=\"canonical\" href=\"https:\/\/udvazamalfiparton.com\/en\/workshopok\/\" \/>\n<meta property=\"og:locale\" content=\"en_US\" \/>\n<meta property=\"og:type\" content=\"article\" \/>\n<meta property=\"og:title\" content=\"Workshopok - \u00dcdv az Amalfiparton\" \/>\n<meta property=\"og:url\" content=\"https:\/\/udvazamalfiparton.com\/en\/workshopok\/\" \/>\n<meta property=\"og:site_name\" content=\"\u00dcdv az Amalfiparton\" \/>\n<meta property=\"article:publisher\" content=\"https:\/\/www.facebook.com\/people\/%c3%9cdv-az-Amalfi-parton\/61561376835286\/\" \/>\n<meta property=\"article:modified_time\" content=\"2026-02-02T12:02:15+00:00\" \/>\n<meta property=\"og:image\" content=\"http:\/\/udvazamalfiparton.com\/wp-content\/uploads\/2026\/01\/Pizza-workshop-1-rotated-e1770033725541.jpg\" \/>\n<meta name=\"twitter:card\" content=\"summary_large_image\" \/>\n<meta name=\"twitter:label1\" content=\"Est. reading time\" \/>\n\t<meta name=\"twitter:data1\" content=\"2 minutes\" \/>\n<script type=\"application\/ld+json\" class=\"yoast-schema-graph\">{\"@context\":\"https:\/\/schema.org\",\"@graph\":[{\"@type\":\"WebPage\",\"@id\":\"https:\/\/udvazamalfiparton.com\/workshopok\/\",\"url\":\"https:\/\/udvazamalfiparton.com\/workshopok\/\",\"name\":\"Workshopok - \u00dcdv az Amalfiparton\",\"isPartOf\":{\"@id\":\"https:\/\/udvazamalfiparton.com\/#website\"},\"primaryImageOfPage\":{\"@id\":\"https:\/\/udvazamalfiparton.com\/workshopok\/#primaryimage\"},\"image\":{\"@id\":\"https:\/\/udvazamalfiparton.com\/workshopok\/#primaryimage\"},\"thumbnailUrl\":\"http:\/\/udvazamalfiparton.com\/wp-content\/uploads\/2026\/01\/Pizza-workshop-1-rotated-e1770033725541.jpg\",\"datePublished\":\"2025-12-10T09:34:52+00:00\",\"dateModified\":\"2026-02-02T12:02:15+00:00\",\"breadcrumb\":{\"@id\":\"https:\/\/udvazamalfiparton.com\/workshopok\/#breadcrumb\"},\"inLanguage\":\"en-US\",\"potentialAction\":[{\"@type\":\"ReadAction\",\"target\":[\"https:\/\/udvazamalfiparton.com\/workshopok\/\"]}]},{\"@type\":\"ImageObject\",\"inLanguage\":\"en-US\",\"@id\":\"https:\/\/udvazamalfiparton.com\/workshopok\/#primaryimage\",\"url\":\"http:\/\/udvazamalfiparton.com\/wp-content\/uploads\/2026\/01\/Pizza-workshop-1-rotated-e1770033725541.jpg\",\"contentUrl\":\"http:\/\/udvazamalfiparton.com\/wp-content\/uploads\/2026\/01\/Pizza-workshop-1-rotated-e1770033725541.jpg\"},{\"@type\":\"BreadcrumbList\",\"@id\":\"https:\/\/udvazamalfiparton.com\/workshopok\/#breadcrumb\",\"itemListElement\":[{\"@type\":\"ListItem\",\"position\":1,\"name\":\"Home\",\"item\":\"https:\/\/udvazamalfiparton.com\/\"},{\"@type\":\"ListItem\",\"position\":2,\"name\":\"Workshopok\"}]},{\"@type\":\"WebSite\",\"@id\":\"https:\/\/udvazamalfiparton.com\/#website\",\"url\":\"https:\/\/udvazamalfiparton.com\/\",\"name\":\"\u00dcdv az Amalfi-parton\",\"description\":\"\",\"publisher\":{\"@id\":\"https:\/\/udvazamalfiparton.com\/#organization\"},\"alternateName\":\"\u00c9lm\u00e9nyek az Amalfi-parton magyar vezet\u00e9ssel\",\"potentialAction\":[{\"@type\":\"SearchAction\",\"target\":{\"@type\":\"EntryPoint\",\"urlTemplate\":\"https:\/\/udvazamalfiparton.com\/?s={search_term_string}\"},\"query-input\":{\"@type\":\"PropertyValueSpecification\",\"valueRequired\":true,\"valueName\":\"search_term_string\"}}],\"inLanguage\":\"en-US\"},{\"@type\":\"Organization\",\"@id\":\"https:\/\/udvazamalfiparton.com\/#organization\",\"name\":\"\u00dcdv az Amalfi-parton\",\"alternateName\":\"\u00c9lm\u00e9nyek az Amalfi-parton magyar vezet\u00e9ssel\",\"url\":\"https:\/\/udvazamalfiparton.com\/\",\"logo\":{\"@type\":\"ImageObject\",\"inLanguage\":\"en-US\",\"@id\":\"https:\/\/udvazamalfiparton.com\/#\/schema\/logo\/image\/\",\"url\":\"https:\/\/amalfi.betonsoft.hu\/wp-content\/uploads\/2026\/01\/amalfi-italy-coastal-town-skyline-on-the-tyrrheni-2025-03-24-00-14-43-utc-1-1024x683.jpg\",\"contentUrl\":\"https:\/\/amalfi.betonsoft.hu\/wp-content\/uploads\/2026\/01\/amalfi-italy-coastal-town-skyline-on-the-tyrrheni-2025-03-24-00-14-43-utc-1-1024x683.jpg\",\"width\":1024,\"height\":683,\"caption\":\"\u00dcdv az Amalfi-parton\"},\"image\":{\"@id\":\"https:\/\/udvazamalfiparton.com\/#\/schema\/logo\/image\/\"},\"sameAs\":[\"https:\/\/www.facebook.com\/people\/\u00dcdv-az-Amalfi-parton\/61561376835286\/\"]}]}<\/script>\n<!-- \/ Yoast SEO plugin. -->","yoast_head_json":{"title":"Workshopok - \u00dcdv az Amalfiparton","robots":{"index":"index","follow":"follow","max-snippet":"max-snippet:-1","max-image-preview":"max-image-preview:large","max-video-preview":"max-video-preview:-1"},"canonical":"https:\/\/udvazamalfiparton.com\/en\/workshopok\/","og_locale":"en_US","og_type":"article","og_title":"Workshopok - \u00dcdv az Amalfiparton","og_url":"https:\/\/udvazamalfiparton.com\/en\/workshopok\/","og_site_name":"\u00dcdv az Amalfiparton","article_publisher":"https:\/\/www.facebook.com\/people\/%c3%9cdv-az-Amalfi-parton\/61561376835286\/","article_modified_time":"2026-02-02T12:02:15+00:00","og_image":[{"url":"http:\/\/udvazamalfiparton.com\/wp-content\/uploads\/2026\/01\/Pizza-workshop-1-rotated-e1770033725541.jpg","type":"","width":"","height":""}],"twitter_card":"summary_large_image","twitter_misc":{"Est. reading time":"2 minutes"},"schema":{"@context":"https:\/\/schema.org","@graph":[{"@type":"WebPage","@id":"https:\/\/udvazamalfiparton.com\/workshopok\/","url":"https:\/\/udvazamalfiparton.com\/workshopok\/","name":"Workshopok - \u00dcdv az Amalfiparton","isPartOf":{"@id":"https:\/\/udvazamalfiparton.com\/#website"},"primaryImageOfPage":{"@id":"https:\/\/udvazamalfiparton.com\/workshopok\/#primaryimage"},"image":{"@id":"https:\/\/udvazamalfiparton.com\/workshopok\/#primaryimage"},"thumbnailUrl":"http:\/\/udvazamalfiparton.com\/wp-content\/uploads\/2026\/01\/Pizza-workshop-1-rotated-e1770033725541.jpg","datePublished":"2025-12-10T09:34:52+00:00","dateModified":"2026-02-02T12:02:15+00:00","breadcrumb":{"@id":"https:\/\/udvazamalfiparton.com\/workshopok\/#breadcrumb"},"inLanguage":"en-US","potentialAction":[{"@type":"ReadAction","target":["https:\/\/udvazamalfiparton.com\/workshopok\/"]}]},{"@type":"ImageObject","inLanguage":"en-US","@id":"https:\/\/udvazamalfiparton.com\/workshopok\/#primaryimage","url":"http:\/\/udvazamalfiparton.com\/wp-content\/uploads\/2026\/01\/Pizza-workshop-1-rotated-e1770033725541.jpg","contentUrl":"http:\/\/udvazamalfiparton.com\/wp-content\/uploads\/2026\/01\/Pizza-workshop-1-rotated-e1770033725541.jpg"},{"@type":"BreadcrumbList","@id":"https:\/\/udvazamalfiparton.com\/workshopok\/#breadcrumb","itemListElement":[{"@type":"ListItem","position":1,"name":"Home","item":"https:\/\/udvazamalfiparton.com\/"},{"@type":"ListItem","position":2,"name":"Workshopok"}]},{"@type":"WebSite","@id":"https:\/\/udvazamalfiparton.com\/#website","url":"https:\/\/udvazamalfiparton.com\/","name":"\u00dcdv az Amalfi-parton","description":"","publisher":{"@id":"https:\/\/udvazamalfiparton.com\/#organization"},"alternateName":"\u00c9lm\u00e9nyek az Amalfi-parton magyar vezet\u00e9ssel","potentialAction":[{"@type":"SearchAction","target":{"@type":"EntryPoint","urlTemplate":"https:\/\/udvazamalfiparton.com\/?s={search_term_string}"},"query-input":{"@type":"PropertyValueSpecification","valueRequired":true,"valueName":"search_term_string"}}],"inLanguage":"en-US"},{"@type":"Organization","@id":"https:\/\/udvazamalfiparton.com\/#organization","name":"\u00dcdv az Amalfi-parton","alternateName":"\u00c9lm\u00e9nyek az Amalfi-parton magyar vezet\u00e9ssel","url":"https:\/\/udvazamalfiparton.com\/","logo":{"@type":"ImageObject","inLanguage":"en-US","@id":"https:\/\/udvazamalfiparton.com\/#\/schema\/logo\/image\/","url":"https:\/\/amalfi.betonsoft.hu\/wp-content\/uploads\/2026\/01\/amalfi-italy-coastal-town-skyline-on-the-tyrrheni-2025-03-24-00-14-43-utc-1-1024x683.jpg","contentUrl":"https:\/\/amalfi.betonsoft.hu\/wp-content\/uploads\/2026\/01\/amalfi-italy-coastal-town-skyline-on-the-tyrrheni-2025-03-24-00-14-43-utc-1-1024x683.jpg","width":1024,"height":683,"caption":"\u00dcdv az Amalfi-parton"},"image":{"@id":"https:\/\/udvazamalfiparton.com\/#\/schema\/logo\/image\/"},"sameAs":["https:\/\/www.facebook.com\/people\/\u00dcdv-az-Amalfi-parton\/61561376835286\/"]}]}},"_links":{"self":[{"href":"https:\/\/udvazamalfiparton.com\/en\/wp-json\/wp\/v2\/pages\/180","targetHints":{"allow":["GET"]}}],"collection":[{"href":"https:\/\/udvazamalfiparton.com\/en\/wp-json\/wp\/v2\/pages"}],"about":[{"href":"https:\/\/udvazamalfiparton.com\/en\/wp-json\/wp\/v2\/types\/page"}],"author":[{"embeddable":true,"href":"https:\/\/udvazamalfiparton.com\/en\/wp-json\/wp\/v2\/users\/1"}],"replies":[{"embeddable":true,"href":"https:\/\/udvazamalfiparton.com\/en\/wp-json\/wp\/v2\/comments?post=180"}],"version-history":[{"count":6,"href":"https:\/\/udvazamalfiparton.com\/en\/wp-json\/wp\/v2\/pages\/180\/revisions"}],"predecessor-version":[{"id":441,"href":"https:\/\/udvazamalfiparton.com\/en\/wp-json\/wp\/v2\/pages\/180\/revisions\/441"}],"wp:attachment":[{"href":"https:\/\/udvazamalfiparton.com\/en\/wp-json\/wp\/v2\/media?parent=180"}],"curies":[{"name":"wp","href":"https:\/\/api.w.org\/{rel}","templated":true}]}}