{"id":182,"date":"2025-12-10T09:35:29","date_gmt":"2025-12-10T09:35:29","guid":{"rendered":"https:\/\/amalfi.betonsoft.hu\/?page_id=182"},"modified":"2026-02-03T07:44:47","modified_gmt":"2026-02-03T07:44:47","slug":"tovabbi-szolgaltatasok","status":"publish","type":"page","link":"https:\/\/udvazamalfiparton.com\/en\/tovabbi-szolgaltatasok\/","title":{"rendered":"Additional services"},"content":{"rendered":"<div class=\"section-wrapper\" data-id=\"zseTvY\"><section class=\"wp-block-gutenverse-section guten-element guten-section guten-zseTvY layout-boxed align-stretch\"><div class=\"guten-container guten-column-gap-default\">\n<div class=\"wp-block-gutenverse-column guten-element guten-column guten-UfAJo5\"><div class=\"guten-column-wrapper\" data-id=\"UfAJo5\">\n<h2 class=\"wp-block-gutenverse-heading guten-element guten-DSvqsC\">Accommodation booking<br><\/h2>\n\n\n\n<div class=\"guten-element gutenverse-text-editor guten-pPbsIZ\"><div class=\"text-content-inner\">\n<p>Contact me with confidence if you would like help with B.B. (Bad and Breakfast) or hotel reservations in Agerola, Furore, Amalfi.<\/p>\n\n\n\n<p>More favorable price!<\/p>\n\n\n\n<p>Making the reservation and communicating with the host&nbsp;<\/p>\n\n\n\n<p>Addressing language barriers.<\/p>\n\n\n\n<p>In case of extra needs, contact the hotelier (extra bed in the room, cot, request for sweet and savory traditional food, parking, food intolerance...)<\/p>\n\n\n\n<p>Are you arriving by car or public transport? Are you looking for excitement or is your goal more of relaxation? There are different accommodations, both in terms of location and accessibility. With this in mind, I can recommend accommodations to you!<\/p>\n\n\n\n<p>I work with reliable hosts at a price that matches your expectations, but is clean and offers great service. In case of any problems, I am at your disposal to correct everything so that you can spend your time here in a nice place during your vacation.<\/p>\n\n\n\n<p>If you need help with any of this, please write to me!<\/p>\n<\/div><\/div>\n\n\n\n<div class=\"guten-element guten-button-wrapper guten-30ZP3A\"><a class=\"guten-button guten-button-sm\" href=\"#contact\"><span>I am interested<\/span><\/a><\/div>\n<\/div><\/div>\n\n\n\n<div class=\"wp-block-gutenverse-column guten-element guten-column guten-SxSPHi\"><div class=\"guten-column-wrapper\" data-id=\"SxSPHi\">\n<div class=\"wp-block-gutenverse-image guten-element guten-image guten-HayYcF\"><div class=\"guten-image-wrapper\"><img loading=\"lazy\" decoding=\"async\" class=\"gutenverse-image-box-filled\" src=\"https:\/\/amalfi.betonsoft.hu\/wp-content\/uploads\/2025\/12\/20240917_165446-scaled.jpg\" height=\"2560\" width=\"1920\"\/><\/div><\/div>\n<\/div><\/div>\n<\/div><\/section><\/div>\n\n\n\n<div class=\"guten-element guten-spacer guten-NYjygf\"><\/div>\n\n\n\n<div class=\"section-wrapper\" data-id=\"9p8fF1\"><section class=\"wp-block-gutenverse-section guten-element guten-section guten-9p8fF1 layout-boxed align-stretch\"><div class=\"guten-container guten-column-gap-default\">\n<div class=\"wp-block-gutenverse-column guten-element guten-column guten-2PoCrM\"><div class=\"guten-column-wrapper\" data-id=\"2PoCrM\">\n<div class=\"wp-block-gutenverse-image guten-element guten-image guten-VMePhc\"><div class=\"guten-image-wrapper\"><img loading=\"lazy\" decoding=\"async\" class=\"gutenverse-image-box-filled\" src=\"https:\/\/amalfi.betonsoft.hu\/wp-content\/uploads\/2025\/12\/20250508_114313-scaled.jpg\" height=\"1920\" width=\"2560\"\/><\/div><\/div>\n<\/div><\/div>\n\n\n\n<div class=\"wp-block-gutenverse-column guten-element guten-column guten-fo0xio\"><div class=\"guten-column-wrapper\" data-id=\"fo0xio\">\n<h2 class=\"wp-block-gutenverse-heading guten-element guten-1wVRWw\"><strong>Request a photographer on the Amalfi Coast<\/strong><br><\/h2>\n\n\n\n<div class=\"guten-element gutenverse-text-editor guten-Yd5Xzo\"><div class=\"text-content-inner\">\n<p><strong>Price: <\/strong>We will agree depending on the size of the event.<\/p>\n<\/div><\/div>\n\n\n\n<div class=\"guten-element guten-button-wrapper guten-ttzkFH\"><a class=\"guten-button guten-button-sm\" href=\"#contact\"><span>I am interested<\/span><\/a><\/div>\n<\/div><\/div>\n<\/div><\/section><\/div>\n\n\n\n<div class=\"guten-element guten-spacer guten-NYjygf\"><\/div>\n\n\n\n<div class=\"section-wrapper\" data-id=\"zseTvY\"><section class=\"wp-block-gutenverse-section guten-element guten-section guten-zseTvY layout-boxed align-stretch\"><div class=\"guten-container guten-column-gap-default\">\n<div class=\"wp-block-gutenverse-column guten-element guten-column guten-UfAJo5\"><div class=\"guten-column-wrapper\" data-id=\"UfAJo5\">\n<h2 class=\"wp-block-gutenverse-heading guten-element guten-DSvqsC\"><strong>Pre-booked and organized vacation&nbsp;<\/strong><br><\/h2>\n\n\n\n<div class=\"guten-element gutenverse-text-editor guten-pPbsIZ\"><div class=\"text-content-inner\">\n<p><strong>What it contains:&nbsp;<\/strong><\/p>\n<\/div><\/div>\n\n\n\n<ul class=\"wp-block-list\">\n<li class=\"has-medium-font-size\" style=\"letter-spacing:0px\">Accommodation, breakfast and dinner included&nbsp;<br><\/li>\n\n\n\n<li class=\"has-medium-font-size\" style=\"letter-spacing:0px\">Transfer service during your holiday<br><\/li>\n\n\n\n<li class=\"has-medium-font-size\" style=\"letter-spacing:0px\">Full-Day Amalfi Coast Tour, Ravello, Amalfi, Conca dei Marini, Emerald Grotto, Positano&nbsp;<br><\/li>\n\n\n\n<li class=\"has-medium-font-size\" style=\"letter-spacing:0px\">Island of Capri<br><\/li>\n\n\n\n<li class=\"has-medium-font-size\" style=\"letter-spacing:0px\">Naples Spanish Quarter&nbsp;<br><\/li>\n\n\n\n<li class=\"has-medium-font-size\" style=\"letter-spacing:0px\">Pompeii\/Vezuv&nbsp;<br><\/li>\n\n\n\n<li class=\"has-medium-font-size\" style=\"letter-spacing:0px\">Sentiero degli Dei&nbsp;<br><\/li>\n\n\n\n<li class=\"has-medium-font-size\" style=\"letter-spacing:0px\">Cheese\/Liqueur manufactories<br><\/li>\n\n\n\n<li class=\"has-medium-font-size\" style=\"letter-spacing:0px\">Entrance fees and boat tickets<\/li>\n<\/ul>\n\n\n\n<p>In short, everything that serves the comfort of your vacation. Please note that the programs can be changed according to your needs and ideas. For further details and to book a time, please contact us by e-mail.<\/p>\n\n\n\n<div class=\"guten-element guten-button-wrapper guten-30ZP3A\"><a class=\"guten-button guten-button-sm\" href=\"#contact\"><span>I am interested<\/span><\/a><\/div>\n<\/div><\/div>\n\n\n\n<div class=\"wp-block-gutenverse-column guten-element guten-column guten-SxSPHi\"><div class=\"guten-column-wrapper\" data-id=\"SxSPHi\">\n<div class=\"wp-block-gutenverse-image guten-element guten-image guten-HayYcF\"><div class=\"guten-image-wrapper\"><img loading=\"lazy\" decoding=\"async\" class=\"gutenverse-image-box-filled\" src=\"https:\/\/amalfi.betonsoft.hu\/wp-content\/uploads\/2026\/01\/20251007_105825-scaled.jpg\" height=\"2560\" width=\"1441\"\/><\/div><\/div>\n<\/div><\/div>\n<\/div><\/section><\/div>\n\n\n\n<div class=\"guten-element guten-spacer guten-NYjygf\"><\/div>\n\n\n\n<div class=\"section-wrapper\" data-id=\"9p8fF1\"><section class=\"wp-block-gutenverse-section guten-element guten-section guten-9p8fF1 layout-boxed align-stretch\"><div class=\"guten-container guten-column-gap-default\">\n<div class=\"wp-block-gutenverse-column guten-element guten-column guten-2PoCrM\"><div class=\"guten-column-wrapper\" data-id=\"2PoCrM\">\n<div class=\"wp-block-gutenverse-image guten-element guten-image guten-VMePhc\"><div class=\"guten-image-wrapper\"><img loading=\"lazy\" decoding=\"async\" class=\"gutenverse-image-box-filled\" src=\"http:\/\/udvazamalfiparton.com\/wp-content\/uploads\/2026\/01\/IMG-20250716-WA0005-e1767903389846.jpg\" height=\"990\" width=\"1365\"\/><\/div><\/div>\n<\/div><\/div>\n\n\n\n<div class=\"wp-block-gutenverse-column guten-element guten-column guten-fo0xio\"><div class=\"guten-column-wrapper\" data-id=\"fo0xio\">\n<h2 class=\"wp-block-gutenverse-heading guten-element guten-1wVRWw\"><strong>Transfer service<\/strong><\/h2>\n\n\n\n<div class=\"guten-element gutenverse-text-editor guten-Yd5Xzo\"><div class=\"text-content-inner\">\n<p><strong>From the airport - Accommodation&nbsp;<br>From Rome, Tuscany\u2026 to the Amalfi Coast<\/strong><\/p>\n<\/div><\/div>\n\n\n\n<div class=\"guten-element guten-button-wrapper guten-ttzkFH\"><a class=\"guten-button guten-button-sm\" href=\"#contact\"><span>I am interested<\/span><\/a><\/div>\n<\/div><\/div>\n<\/div><\/section><\/div>","protected":false},"excerpt":{"rendered":"","protected":false},"author":1,"featured_media":0,"parent":0,"menu_order":0,"comment_status":"closed","ping_status":"closed","template":"","meta":{"footnotes":""},"class_list":["post-182","page","type-page","status-publish","hentry"],"yoast_head":"<!-- This site is optimized with the Yoast SEO plugin v26.7 - https:\/\/yoast.com\/wordpress\/plugins\/seo\/ -->\n<title>Tov\u00e1bbi szolg\u00e1ltat\u00e1sok - \u00dcdv az Amalfiparton<\/title>\n<meta name=\"robots\" content=\"index, follow, max-snippet:-1, max-image-preview:large, max-video-preview:-1\" \/>\n<link rel=\"canonical\" href=\"https:\/\/udvazamalfiparton.com\/en\/tovabbi-szolgaltatasok\/\" \/>\n<meta property=\"og:locale\" content=\"en_US\" \/>\n<meta property=\"og:type\" content=\"article\" \/>\n<meta property=\"og:title\" content=\"Tov\u00e1bbi szolg\u00e1ltat\u00e1sok - \u00dcdv az Amalfiparton\" \/>\n<meta property=\"og:url\" content=\"https:\/\/udvazamalfiparton.com\/en\/tovabbi-szolgaltatasok\/\" \/>\n<meta property=\"og:site_name\" content=\"\u00dcdv az Amalfiparton\" \/>\n<meta property=\"article:publisher\" content=\"https:\/\/www.facebook.com\/people\/%c3%9cdv-az-Amalfi-parton\/61561376835286\/\" \/>\n<meta property=\"article:modified_time\" content=\"2026-02-03T07:44:47+00:00\" \/>\n<meta property=\"og:image\" content=\"https:\/\/amalfi.betonsoft.hu\/wp-content\/uploads\/2025\/12\/20240917_165446-scaled.jpg\" \/>\n<meta name=\"twitter:card\" content=\"summary_large_image\" \/>\n<meta name=\"twitter:label1\" content=\"Est. reading time\" \/>\n\t<meta name=\"twitter:data1\" content=\"2 minutes\" \/>\n<script type=\"application\/ld+json\" class=\"yoast-schema-graph\">{\"@context\":\"https:\/\/schema.org\",\"@graph\":[{\"@type\":\"WebPage\",\"@id\":\"https:\/\/udvazamalfiparton.com\/en\/tovabbi-szolgaltatasok\/\",\"url\":\"https:\/\/udvazamalfiparton.com\/en\/tovabbi-szolgaltatasok\/\",\"name\":\"Tov\u00e1bbi szolg\u00e1ltat\u00e1sok - \u00dcdv az Amalfiparton\",\"isPartOf\":{\"@id\":\"https:\/\/udvazamalfiparton.com\/#website\"},\"primaryImageOfPage\":{\"@id\":\"https:\/\/udvazamalfiparton.com\/en\/tovabbi-szolgaltatasok\/#primaryimage\"},\"image\":{\"@id\":\"https:\/\/udvazamalfiparton.com\/en\/tovabbi-szolgaltatasok\/#primaryimage\"},\"thumbnailUrl\":\"https:\/\/amalfi.betonsoft.hu\/wp-content\/uploads\/2025\/12\/20240917_165446-scaled.jpg\",\"datePublished\":\"2025-12-10T09:35:29+00:00\",\"dateModified\":\"2026-02-03T07:44:47+00:00\",\"breadcrumb\":{\"@id\":\"https:\/\/udvazamalfiparton.com\/en\/tovabbi-szolgaltatasok\/#breadcrumb\"},\"inLanguage\":\"en-US\",\"potentialAction\":[{\"@type\":\"ReadAction\",\"target\":[\"https:\/\/udvazamalfiparton.com\/en\/tovabbi-szolgaltatasok\/\"]}]},{\"@type\":\"ImageObject\",\"inLanguage\":\"en-US\",\"@id\":\"https:\/\/udvazamalfiparton.com\/en\/tovabbi-szolgaltatasok\/#primaryimage\",\"url\":\"https:\/\/amalfi.betonsoft.hu\/wp-content\/uploads\/2025\/12\/20240917_165446-scaled.jpg\",\"contentUrl\":\"https:\/\/amalfi.betonsoft.hu\/wp-content\/uploads\/2025\/12\/20240917_165446-scaled.jpg\"},{\"@type\":\"BreadcrumbList\",\"@id\":\"https:\/\/udvazamalfiparton.com\/en\/tovabbi-szolgaltatasok\/#breadcrumb\",\"itemListElement\":[{\"@type\":\"ListItem\",\"position\":1,\"name\":\"Home\",\"item\":\"https:\/\/udvazamalfiparton.com\/\"},{\"@type\":\"ListItem\",\"position\":2,\"name\":\"Tov\u00e1bbi szolg\u00e1ltat\u00e1sok\"}]},{\"@type\":\"WebSite\",\"@id\":\"https:\/\/udvazamalfiparton.com\/#website\",\"url\":\"https:\/\/udvazamalfiparton.com\/\",\"name\":\"\u00dcdv az Amalfi-parton\",\"description\":\"\",\"publisher\":{\"@id\":\"https:\/\/udvazamalfiparton.com\/#organization\"},\"alternateName\":\"\u00c9lm\u00e9nyek az Amalfi-parton magyar vezet\u00e9ssel\",\"potentialAction\":[{\"@type\":\"SearchAction\",\"target\":{\"@type\":\"EntryPoint\",\"urlTemplate\":\"https:\/\/udvazamalfiparton.com\/?s={search_term_string}\"},\"query-input\":{\"@type\":\"PropertyValueSpecification\",\"valueRequired\":true,\"valueName\":\"search_term_string\"}}],\"inLanguage\":\"en-US\"},{\"@type\":\"Organization\",\"@id\":\"https:\/\/udvazamalfiparton.com\/#organization\",\"name\":\"\u00dcdv az Amalfi-parton\",\"alternateName\":\"\u00c9lm\u00e9nyek az Amalfi-parton magyar vezet\u00e9ssel\",\"url\":\"https:\/\/udvazamalfiparton.com\/\",\"logo\":{\"@type\":\"ImageObject\",\"inLanguage\":\"en-US\",\"@id\":\"https:\/\/udvazamalfiparton.com\/#\/schema\/logo\/image\/\",\"url\":\"https:\/\/amalfi.betonsoft.hu\/wp-content\/uploads\/2026\/01\/amalfi-italy-coastal-town-skyline-on-the-tyrrheni-2025-03-24-00-14-43-utc-1-1024x683.jpg\",\"contentUrl\":\"https:\/\/amalfi.betonsoft.hu\/wp-content\/uploads\/2026\/01\/amalfi-italy-coastal-town-skyline-on-the-tyrrheni-2025-03-24-00-14-43-utc-1-1024x683.jpg\",\"width\":1024,\"height\":683,\"caption\":\"\u00dcdv az Amalfi-parton\"},\"image\":{\"@id\":\"https:\/\/udvazamalfiparton.com\/#\/schema\/logo\/image\/\"},\"sameAs\":[\"https:\/\/www.facebook.com\/people\/\u00dcdv-az-Amalfi-parton\/61561376835286\/\"]}]}<\/script>\n<!-- \/ Yoast SEO plugin. -->","yoast_head_json":{"title":"Tov\u00e1bbi szolg\u00e1ltat\u00e1sok - \u00dcdv az Amalfiparton","robots":{"index":"index","follow":"follow","max-snippet":"max-snippet:-1","max-image-preview":"max-image-preview:large","max-video-preview":"max-video-preview:-1"},"canonical":"https:\/\/udvazamalfiparton.com\/en\/tovabbi-szolgaltatasok\/","og_locale":"en_US","og_type":"article","og_title":"Tov\u00e1bbi szolg\u00e1ltat\u00e1sok - \u00dcdv az Amalfiparton","og_url":"https:\/\/udvazamalfiparton.com\/en\/tovabbi-szolgaltatasok\/","og_site_name":"\u00dcdv az Amalfiparton","article_publisher":"https:\/\/www.facebook.com\/people\/%c3%9cdv-az-Amalfi-parton\/61561376835286\/","article_modified_time":"2026-02-03T07:44:47+00:00","og_image":[{"url":"https:\/\/amalfi.betonsoft.hu\/wp-content\/uploads\/2025\/12\/20240917_165446-scaled.jpg","type":"","width":"","height":""}],"twitter_card":"summary_large_image","twitter_misc":{"Est. reading time":"2 minutes"},"schema":{"@context":"https:\/\/schema.org","@graph":[{"@type":"WebPage","@id":"https:\/\/udvazamalfiparton.com\/en\/tovabbi-szolgaltatasok\/","url":"https:\/\/udvazamalfiparton.com\/en\/tovabbi-szolgaltatasok\/","name":"Tov\u00e1bbi szolg\u00e1ltat\u00e1sok - \u00dcdv az Amalfiparton","isPartOf":{"@id":"https:\/\/udvazamalfiparton.com\/#website"},"primaryImageOfPage":{"@id":"https:\/\/udvazamalfiparton.com\/en\/tovabbi-szolgaltatasok\/#primaryimage"},"image":{"@id":"https:\/\/udvazamalfiparton.com\/en\/tovabbi-szolgaltatasok\/#primaryimage"},"thumbnailUrl":"https:\/\/amalfi.betonsoft.hu\/wp-content\/uploads\/2025\/12\/20240917_165446-scaled.jpg","datePublished":"2025-12-10T09:35:29+00:00","dateModified":"2026-02-03T07:44:47+00:00","breadcrumb":{"@id":"https:\/\/udvazamalfiparton.com\/en\/tovabbi-szolgaltatasok\/#breadcrumb"},"inLanguage":"en-US","potentialAction":[{"@type":"ReadAction","target":["https:\/\/udvazamalfiparton.com\/en\/tovabbi-szolgaltatasok\/"]}]},{"@type":"ImageObject","inLanguage":"en-US","@id":"https:\/\/udvazamalfiparton.com\/en\/tovabbi-szolgaltatasok\/#primaryimage","url":"https:\/\/amalfi.betonsoft.hu\/wp-content\/uploads\/2025\/12\/20240917_165446-scaled.jpg","contentUrl":"https:\/\/amalfi.betonsoft.hu\/wp-content\/uploads\/2025\/12\/20240917_165446-scaled.jpg"},{"@type":"BreadcrumbList","@id":"https:\/\/udvazamalfiparton.com\/en\/tovabbi-szolgaltatasok\/#breadcrumb","itemListElement":[{"@type":"ListItem","position":1,"name":"Home","item":"https:\/\/udvazamalfiparton.com\/"},{"@type":"ListItem","position":2,"name":"Tov\u00e1bbi szolg\u00e1ltat\u00e1sok"}]},{"@type":"WebSite","@id":"https:\/\/udvazamalfiparton.com\/#website","url":"https:\/\/udvazamalfiparton.com\/","name":"\u00dcdv az Amalfi-parton","description":"","publisher":{"@id":"https:\/\/udvazamalfiparton.com\/#organization"},"alternateName":"\u00c9lm\u00e9nyek az Amalfi-parton magyar vezet\u00e9ssel","potentialAction":[{"@type":"SearchAction","target":{"@type":"EntryPoint","urlTemplate":"https:\/\/udvazamalfiparton.com\/?s={search_term_string}"},"query-input":{"@type":"PropertyValueSpecification","valueRequired":true,"valueName":"search_term_string"}}],"inLanguage":"en-US"},{"@type":"Organization","@id":"https:\/\/udvazamalfiparton.com\/#organization","name":"\u00dcdv az Amalfi-parton","alternateName":"\u00c9lm\u00e9nyek az Amalfi-parton magyar vezet\u00e9ssel","url":"https:\/\/udvazamalfiparton.com\/","logo":{"@type":"ImageObject","inLanguage":"en-US","@id":"https:\/\/udvazamalfiparton.com\/#\/schema\/logo\/image\/","url":"https:\/\/amalfi.betonsoft.hu\/wp-content\/uploads\/2026\/01\/amalfi-italy-coastal-town-skyline-on-the-tyrrheni-2025-03-24-00-14-43-utc-1-1024x683.jpg","contentUrl":"https:\/\/amalfi.betonsoft.hu\/wp-content\/uploads\/2026\/01\/amalfi-italy-coastal-town-skyline-on-the-tyrrheni-2025-03-24-00-14-43-utc-1-1024x683.jpg","width":1024,"height":683,"caption":"\u00dcdv az Amalfi-parton"},"image":{"@id":"https:\/\/udvazamalfiparton.com\/#\/schema\/logo\/image\/"},"sameAs":["https:\/\/www.facebook.com\/people\/\u00dcdv-az-Amalfi-parton\/61561376835286\/"]}]}},"_links":{"self":[{"href":"https:\/\/udvazamalfiparton.com\/en\/wp-json\/wp\/v2\/pages\/182","targetHints":{"allow":["GET"]}}],"collection":[{"href":"https:\/\/udvazamalfiparton.com\/en\/wp-json\/wp\/v2\/pages"}],"about":[{"href":"https:\/\/udvazamalfiparton.com\/en\/wp-json\/wp\/v2\/types\/page"}],"author":[{"embeddable":true,"href":"https:\/\/udvazamalfiparton.com\/en\/wp-json\/wp\/v2\/users\/1"}],"replies":[{"embeddable":true,"href":"https:\/\/udvazamalfiparton.com\/en\/wp-json\/wp\/v2\/comments?post=182"}],"version-history":[{"count":6,"href":"https:\/\/udvazamalfiparton.com\/en\/wp-json\/wp\/v2\/pages\/182\/revisions"}],"predecessor-version":[{"id":442,"href":"https:\/\/udvazamalfiparton.com\/en\/wp-json\/wp\/v2\/pages\/182\/revisions\/442"}],"wp:attachment":[{"href":"https:\/\/udvazamalfiparton.com\/en\/wp-json\/wp\/v2\/media?parent=182"}],"curies":[{"name":"wp","href":"https:\/\/api.w.org\/{rel}","templated":true}]}}