{"id":75,"date":"2025-12-09T13:31:50","date_gmt":"2025-12-09T13:31:50","guid":{"rendered":"https:\/\/amalfi.betonsoft.hu\/contact\/"},"modified":"2026-01-29T05:55:11","modified_gmt":"2026-01-29T05:55:11","slug":"contact","status":"publish","type":"page","link":"https:\/\/udvazamalfiparton.com\/en\/contact\/","title":{"rendered":"Contact"},"content":{"rendered":"<div class=\"section-wrapper\" data-id=\"Zps5L3\"><section class=\"wp-block-gutenverse-section guten-element guten-section guten-Zps5L3 layout-boxed align-stretch\"><div class=\"guten-container guten-column-gap-default\">\n<div class=\"wp-block-gutenverse-column guten-element guten-column guten-XnyT75\"><div class=\"guten-column-wrapper\" data-id=\"XnyT75\">\n<div class=\"wp-block-gutenverse-image guten-element guten-image guten-6uh5V5\"><a class=\"guten-image-wrapper\" href=\"https:\/\/udvazamalfiparton.com\/en\/\"><img loading=\"lazy\" decoding=\"async\" class=\"gutenverse-image-box-filled\" src=\"http:\/\/udvazamalfiparton.com\/wp-content\/uploads\/2026\/02\/Amalfi-part-scaled-e1770033611816.png\" height=\"647\" width=\"1727\"\/><\/a><\/div>\n<\/div><\/div>\n\n\n\n<div class=\"wp-block-gutenverse-column guten-element guten-column guten-Dc4y3F\"><div class=\"guten-column-wrapper\" data-id=\"Dc4y3F\"><div id=\"guten-uSHbrz\" class=\"guten-element guten-nav-menu nav-menu break-point-tablet submenu-click-icon\" data-item-indicator=\"gtn gtn-down-arrow1-light\" data-close-on-click=\"1\">\n\t\t\t<div class=\"gutenverse-hamburger-wrapper\">\n\t\t\t\t<button class=\"gutenverse-hamburger-menu\" aria-label=\"\">\n\t\t\t\t\t<i aria-hidden=\"true\" class=\"gtn gtn-burger-menu-light\"><\/i>\n\t\t\t\t<\/button>\n\t\t\t<\/div>\n\t\t\t\n\t\t\t<div class=\"gutenverse-menu-wrapper\"><div class=\"gutenverse-menu-container\"><ul id=\"menu-esthetic-1\" class=\"gutenverse-menu\"><li id=\"menu-item-57\" class=\"menu-item menu-item-type-custom menu-item-object-custom menu-item-57\"><a href=\"javascript:void(0);\" data-href=\"https:\/\/udvazamalfiparton.com\">Home<\/a><\/li>\n<li id=\"menu-item-60\" class=\"menu-item menu-item-type-custom menu-item-object-custom menu-item-60\"><a href=\"javascript:void(0);\" data-href=\"https:\/\/udvazamalfiparton.com\/about\/\">About<\/a><\/li>\n<li id=\"menu-item-61\" class=\"menu-item menu-item-type-custom menu-item-object-custom menu-item-has-children menu-item-61\"><a href=\"javascript:void(0);\" data-href=\"https:\/\/udvazamalfiparton.com\/esemenyek-szervezese\/\">Services<\/a>\n<ul class=\"sub-menu\">\n\t<li id=\"menu-item-188\" class=\"menu-item menu-item-type-post_type menu-item-object-page menu-item-188\"><a href=\"javascript:void(0);\" data-href=\"https:\/\/udvazamalfiparton.com\/en\/esemenyek-szervezese\/\">Event organization<\/a><\/li>\n\t<li id=\"menu-item-187\" class=\"menu-item menu-item-type-post_type menu-item-object-page menu-item-187\"><a href=\"javascript:void(0);\" data-href=\"https:\/\/udvazamalfiparton.com\/en\/turak\/\">Tours<\/a><\/li>\n\t<li id=\"menu-item-186\" class=\"menu-item menu-item-type-post_type menu-item-object-page menu-item-186\"><a href=\"javascript:void(0);\" data-href=\"https:\/\/udvazamalfiparton.com\/en\/gasztro-programok\/\">Gastronomic programs<\/a><\/li>\n\t<li id=\"menu-item-185\" class=\"menu-item menu-item-type-post_type menu-item-object-page menu-item-185\"><a href=\"javascript:void(0);\" data-href=\"https:\/\/udvazamalfiparton.com\/en\/workshopok\/\">Workshops<\/a><\/li>\n\t<li id=\"menu-item-184\" class=\"menu-item menu-item-type-post_type menu-item-object-page menu-item-184\"><a href=\"javascript:void(0);\" data-href=\"https:\/\/udvazamalfiparton.com\/en\/tovabbi-szolgaltatasok\/\">Additional services<\/a><\/li>\n<\/ul>\n<\/li>\n<li id=\"menu-item-73\" class=\"menu-item menu-item-type-custom menu-item-object-custom menu-item-73\"><a href=\"javascript:void(0);\" data-href=\"https:\/\/udvazamalfiparton.com\/contact\/\">Contact<\/a><\/li>\n<\/ul><\/div>\n\t\t\t\t<div>\n\t\t\t\t\t<div class=\"gutenverse-nav-identity-panel\">\n\t\t\t\t\t\t<div class=\"gutenverse-nav-site-title\">\n\t\t\t\t\t\t\t<a href=\"https:\/\/udvazamalfiparton.com\/en\" class=\"gutenverse-nav-logo\"><img decoding=\"async\" src=\"https:\/\/amalfi.betonsoft.hu\/wp-content\/uploads\/2025\/12\/letoltes-3-e1765357853955.png\" alt=\"\u00dcdv az Amalfiparton - \"><\/a>\n\t\t\t\t\t\t<\/div>\n\t\t\t\t\t\t<button class=\"gutenverse-close-menu\" aria-label=\"\"><i aria-hidden=\"true\" class=\"fas fa-times\"><\/i><\/button>\n\t\t\t\t\t<\/div>\n\t\t\t\t<\/div>\n\t\t\t<\/div>\n\t\t<\/div><\/div><\/div>\n<\/div><\/section><\/div>\n\n\n\n<div class=\"section-wrapper\" data-id=\"9GgwII\"><section class=\"wp-block-gutenverse-section guten-element guten-section guten-9GgwII layout-boxed align-stretch\"><div class=\"guten-background-overlay\"><\/div><div class=\"guten-container guten-column-gap-default\">\n<div class=\"wp-block-gutenverse-column guten-element guten-column guten-9icvXa\"><div class=\"guten-column-wrapper\" data-id=\"9icvXa\">\n<h1 class=\"wp-block-gutenverse-heading guten-element guten-abcJpn animated guten-element-hide slow desktop-fadeInDown\">Contact<\/h1>\n\n\n\n<h1 class=\"wp-block-gutenverse-heading guten-element guten-T0kxAC animated guten-element-hide slow desktop-fadeInUp\">Contact<\/h1>\n<\/div><\/div>\n<\/div><\/section><\/div>\n\n\n\n<div class=\"section-wrapper\" data-id=\"T1cjaQ\"><section class=\"wp-block-gutenverse-section guten-element guten-section guten-T1cjaQ layout-boxed align-stretch\"><div class=\"guten-container guten-column-gap-default\">\n<div class=\"wp-block-gutenverse-column guten-element guten-column guten-mCf2Op\"><div class=\"guten-column-wrapper\" data-id=\"mCf2Op\">\n<h2 class=\"wp-block-gutenverse-heading guten-element guten-IQwdOo animated guten-element-hide slow desktop-fadeInLeft\">WE TURN YOUR IMAGINATIONS INTO REALITY<br><\/h2>\n\n\n\n<h2 class=\"wp-block-gutenverse-heading guten-element guten-0I4idd animated guten-element-hide slow desktop-fadeInRight\">Contact Us<\/h2>\n\n\n\n<div class=\"guten-element gutenverse-text-editor guten-OlUnWC animated guten-element-hide slow desktop-fadeInLeft\"><div class=\"text-content-inner\">\n<p>If you are looking to organize an engagement, a special event, an unforgettable tour or a unique gastronomic experience on the Amalfi Coast, you have come to the right place. Contact us with confidence and we will help you organize everything from the first idea to the implementation - whether it is romance, adventure or gourmet experiences. Let us enjoy the Italian way of life without any worries, and leave the organization to us.<\/p>\n<\/div><\/div>\n\n\n\n<div class=\"guten-element guten-icon-list guten-9QxAek animated guten-element-hide slow desktop-fadeInLeft\"><div class=\"list-wrapper\">\n<div class=\"guten-element guten-icon-list-item guten-NlUHZv\"><div class=\"list-divider\"><\/div><a id=\"guten-NlUHZv\"><i class=\"fas fa-map-marker-alt\"><\/i><span class=\"list-text\">Via Iovieno 54, Agerola, Italy<\/span><\/a><\/div>\n\n\n\n<div class=\"guten-element guten-icon-list-item guten-YkLONt\"><div class=\"list-divider\"><\/div><a id=\"guten-YkLONt\" href=\"mailto:udvazamalfiparton@gmail.com\"><i class=\"fas fa-envelope\"><\/i><span class=\"list-text\">udvazamalfiparton@gmail.com<\/span><\/a><\/div>\n<\/div><\/div>\n<\/div><\/div>\n\n\n\n<div class=\"wp-block-gutenverse-column guten-element guten-column guten-EPlR30\"><div class=\"guten-column-wrapper\" data-id=\"EPlR30\">\n<form style=\"display:none\" class=\"guten-element guten-form-builder guten-bn4auR\" data-form-id=\"233\" action=\"\">\n<div class=\"section-wrapper\" data-id=\"EgxvBQ\"><section class=\"wp-block-gutenverse-section guten-element guten-section guten-EgxvBQ layout-boxed align-stretch\"><div class=\"guten-container guten-column-gap-no\">\n<div class=\"wp-block-gutenverse-column guten-element guten-column guten-rGHuLI\"><div class=\"guten-column-wrapper\" data-id=\"rGHuLI\">\n<div class=\"guten-element guten-form-input-text guten-form-input guten-input-position-top guten-5sX1ez hide-label hide-helper\"><div class=\"label-wrapper\"><\/div><div class=\"main-wrapper\"><input data-validation=\"{&quot;type&quot;:&quot;text&quot;,&quot;required&quot;:false,&quot;validationType&quot;:&quot;none&quot;,&quot;validationWarning&quot;:&quot;Input Invalid&quot;}\" placeholder=\"Name\" name=\"input-text-name\" class=\"gutenverse-input gutenverse-input-text\" type=\"text\"\/><div class=\"validation-error\">Input Invalid<\/div><\/div><\/div>\n\n\n\n<div class=\"section-wrapper\" data-id=\"2OzEy9\"><section class=\"wp-block-gutenverse-section guten-element guten-section guten-2OzEy9 layout-boxed align-stretch\"><div class=\"guten-container guten-column-gap-no\">\n<div class=\"wp-block-gutenverse-column guten-element guten-column guten-Gig6Eq\"><div class=\"guten-column-wrapper\" data-id=\"Gig6Eq\">\n<div class=\"guten-element guten-form-input-email guten-form-input guten-input-position-top guten-FYfcN4 hide-label hide-helper\"><div class=\"label-wrapper\"><span class=\"required-badge\">*<\/span><\/div><div class=\"main-wrapper\"><input data-validation=\"{&quot;type&quot;:&quot;email&quot;,&quot;required&quot;:true,&quot;validationType&quot;:&quot;none&quot;,&quot;validationWarning&quot;:&quot;Input Invalid&quot;}\" placeholder=\"Email\" name=\"input-email\" class=\"gutenverse-input gutenverse-input-email\" type=\"email\"\/><div class=\"validation-error\">Input Invalid<\/div><\/div><\/div>\n<\/div><\/div>\n\n\n\n<div class=\"wp-block-gutenverse-column guten-element guten-column guten-slCpE8\"><div class=\"guten-column-wrapper\" data-id=\"slCpE8\">\n<div class=\"guten-element guten-form-input-telp guten-form-input guten-input-position-top guten-2fkPVH hide-label hide-helper\"><div class=\"label-wrapper\"><\/div><div class=\"main-wrapper\"><input data-validation=\"{&quot;type&quot;:&quot;telp&quot;,&quot;required&quot;:false,&quot;validationType&quot;:&quot;none&quot;,&quot;validationWarning&quot;:&quot;Input Invalid&quot;}\" placeholder=\"Mobile\" name=\"input-phone\" class=\"gutenverse-input gutenverse-input-tel\" type=\"tel\" pattern=\"\\+[0-9]+[0-9\\s\\-]*\"\/><div class=\"validation-error\">Input Invalid<\/div><\/div><\/div>\n<\/div><\/div>\n<\/div><\/section><\/div>\n\n\n\n<div class=\"guten-element guten-form-input-textarea guten-form-input guten-input-position-top guten-IwMzPc hide-label hide-helper\"><div class=\"label-wrapper\"><\/div><div class=\"main-wrapper\"><textarea data-validation=\"{&quot;type&quot;:&quot;textarea&quot;,&quot;required&quot;:false,&quot;validationType&quot;:&quot;none&quot;,&quot;validationWarning&quot;:&quot;Input Invalid&quot;}\" placeholder=\"Tell me what you want\" name=\"input-textarea\" class=\"gutenverse-input gutenverse-input-text\"><\/textarea><div class=\"validation-error\">Input Invalid<\/div><\/div><\/div>\n\n\n\n<div class=\"guten-element guten-button-wrapper guten-submit-wrapper guten-m09Sxu\"><div class=\"form-notification\"><\/div><button class=\"guten-button gutenverse-input-submit guten-button-sm\" type=\"submit\"><span>REQUEST A OFFER<\/span><\/button><div class=\"gutenverse-input-submit-loader\"><i class=\"fas fa-spinner fa-spin\"><\/i><\/div><\/div>\n<\/div><\/div>\n<\/div><\/section><\/div>\n<input type=\"hidden\" name=\"trp-form-language\" value=\"en\"\/><\/form>\n<\/div><\/div>\n<\/div><\/section><\/div>\n\n\n\n<div class=\"section-wrapper\" data-id=\"eznybT\"><section class=\"wp-block-gutenverse-section guten-element guten-section guten-eznybT layout-fullwidth align-stretch\"><div class=\"guten-container guten-column-gap-no\">\n<div class=\"wp-block-gutenverse-column guten-element guten-column guten-EytHWD\"><div class=\"guten-column-wrapper\" data-id=\"EytHWD\">\n<div class=\"guten-element gutenverse-maps guten-maps guten-u0eNG2\" data-src=\"https:\/\/maps.google.com\/maps?q=Via%20Iovieno%2054%2C%20Agerola%2C%20Italy&amp;z=18&amp;t=m&amp;output=embed&amp;iwloc=near\"><iframe frameborder=\"0\" scrolling=\"no\" marginheight=\"0\" marginwidth=\"0\" src=\"\" title=\"Via Iovieno 54, Agerola, Italy\"><\/iframe><\/div>\n<\/div><\/div>\n<\/div><\/section><\/div>\n\n\n\n<div class=\"section-wrapper\" data-id=\"1kNmIp\"><section class=\"wp-block-gutenverse-section guten-element guten-section guten-1kNmIp layout-boxed align-stretch\"><div class=\"guten-container guten-column-gap-default\">\n<div class=\"wp-block-gutenverse-column guten-element guten-column guten-QGjPlx\"><div class=\"guten-column-wrapper\" data-id=\"QGjPlx\">\n<div class=\"section-wrapper\" data-id=\"fKgYml\"><section class=\"wp-block-gutenverse-section guten-element guten-section guten-fKgYml layout-boxed align-stretch\"><div class=\"guten-container guten-column-gap-no\">\n<div class=\"wp-block-gutenverse-column guten-element guten-column guten-IAm0T3\"><div class=\"guten-column-wrapper\" data-id=\"IAm0T3\">\n<div class=\"wp-block-gutenverse-image guten-element guten-image guten-6nkPvE\"><a class=\"guten-image-wrapper\" href=\"https:\/\/amalfi.betonsoft.hu\/\"><img loading=\"lazy\" decoding=\"async\" class=\"gutenverse-image-box-filled\" src=\"https:\/\/amalfi.betonsoft.hu\/wp-content\/uploads\/2025\/12\/letoltes-3-e1765357853955.png\" height=\"140\" width=\"396\"\/><\/a><\/div>\n\n\n\n<div class=\"guten-element gutenverse-text-editor guten-M34KaW\"><div class=\"text-content-inner\">\n<p>Engagements \u2022 Weddings \u2022 Tours \u2022 Gastronomic experiences \u2022 Workshops<\/p>\n\n\n\n<p><\/p>\n\n\n\n<p><\/p>\n\n\n\n<p class=\"has-theme-3-color has-text-color has-link-color wp-elements-77379d166f0d0e6e5444789c61c56fca\">Via Iovieno 54, Agerola, Italy<br><a href=\"mailto:udvazamalfiparton@gmail.com\">udvazamalfiparton@gmail.com<\/a><\/p>\n<\/div><\/div>\n\n\n\n<div class=\"guten-element guten-social-icons guten-8HI9ws circle horizontal fill\">\n<div class=\"guten-element guten-social-icon guten-7oN56s facebook\"><a id=\"guten-7oN56s\" href=\"https:\/\/www.facebook.com\/people\/%C3%9Cdv-az-Amalfi-parton\/61561376835286\/\" target=\"_blank\" rel=\"noreferrer noopener\"><i class=\"gtn gtn-facebook-light\"><\/i><\/a><\/div>\n\n\n\n<div class=\"guten-element guten-social-icon guten-sniilJ default\"><a id=\"guten-sniilJ\" href=\"https:\/\/www.tiktok.com\/@udv.az.amalfiparton\" target=\"_blank\" rel=\"noreferrer noopener\"><i class=\"fab fa-tiktok\"><\/i><\/a><\/div>\n\n\n\n<div class=\"guten-element guten-social-icon guten-2vDoZg instagram\"><a id=\"guten-2vDoZg\" href=\"https:\/\/www.instagram.com\/amalfi_part\/\" target=\"_blank\" rel=\"noreferrer noopener\"><i class=\"gtn gtn-instagram-1-light\"><\/i><\/a><\/div>\n<\/div>\n<\/div><\/div>\n\n\n\n<div class=\"wp-block-gutenverse-column guten-element guten-column guten-oc5vMP\"><div class=\"guten-column-wrapper\" data-id=\"oc5vMP\">\n<h4 class=\"wp-block-gutenverse-heading guten-element guten-qSBctN\">Site map<\/h4>\n\n\n\n<div class=\"guten-element guten-icon-list guten-EjBre0\"><div class=\"list-wrapper\">\n<div class=\"guten-element guten-icon-list-item guten-sAQEbH\"><div class=\"list-divider\"><\/div><a id=\"guten-sAQEbH\" href=\"http:\/\/udvazamalfiparton.com\/en\/\"><i class=\"fas fa-check\"><\/i><span class=\"list-text\">Home<\/span><\/a><\/div>\n\n\n\n<div class=\"guten-element guten-icon-list-item guten-joasE0\"><div class=\"list-divider\"><\/div><a id=\"guten-joasE0\" href=\"https:\/\/udvazamalfiparton.com\/en\/about\/\"><i class=\"fas fa-check\"><\/i><span class=\"list-text\">About<\/span><\/a><\/div>\n\n\n\n<div class=\"guten-element guten-icon-list-item guten-NL2g3j\"><div class=\"list-divider\"><\/div><a id=\"guten-NL2g3j\" href=\"https:\/\/udvazamalfiparton.com\/en\/esemenyek-szervezese\/\"><i class=\"fas fa-check\"><\/i><span class=\"list-text\">Services<\/span><\/a><\/div>\n\n\n\n<div class=\"guten-element guten-icon-list-item guten-TxinPB\"><div class=\"list-divider\"><\/div><a id=\"guten-TxinPB\" href=\"https:\/\/udvazamalfiparton.com\/en\/contact\/\"><i class=\"fas fa-check\"><\/i><span class=\"list-text\">Contact<\/span><\/a><\/div>\n<\/div><\/div>\n<\/div><\/div>\n<\/div><\/section><\/div>\n\n\n\n<div class=\"section-wrapper\" data-id=\"QVLcSS\"><section class=\"wp-block-gutenverse-section guten-element guten-section guten-QVLcSS layout-boxed align-stretch\"><div class=\"guten-container guten-column-gap-no\">\n<div class=\"wp-block-gutenverse-column guten-element guten-column guten-yGdXkH\"><div class=\"guten-column-wrapper\" data-id=\"yGdXkH\">\n<div class=\"guten-element gutenverse-text-editor guten-6NDmAJ\"><div class=\"text-content-inner\">\n<p>Copyright \u00a9 2025. All rights reserved.<\/p>\n<\/div><\/div>\n<\/div><\/div>\n<\/div><\/section><\/div>\n<\/div><\/div>\n<\/div><\/section><\/div>","protected":false},"excerpt":{"rendered":"","protected":false},"author":1,"featured_media":0,"parent":0,"menu_order":0,"comment_status":"closed","ping_status":"closed","template":"blank-canvas","meta":{"footnotes":""},"class_list":["post-75","page","type-page","status-publish","hentry"],"yoast_head":"<!-- This site is optimized with the Yoast SEO plugin v26.7 - https:\/\/yoast.com\/wordpress\/plugins\/seo\/ -->\n<title>Contact - \u00dcdv az Amalfiparton<\/title>\n<meta name=\"robots\" content=\"index, follow, max-snippet:-1, max-image-preview:large, max-video-preview:-1\" \/>\n<link rel=\"canonical\" href=\"https:\/\/udvazamalfiparton.com\/en\/contact\/\" \/>\n<meta property=\"og:locale\" content=\"en_US\" \/>\n<meta property=\"og:type\" content=\"article\" \/>\n<meta property=\"og:title\" content=\"Contact - \u00dcdv az Amalfiparton\" \/>\n<meta property=\"og:url\" content=\"https:\/\/udvazamalfiparton.com\/en\/contact\/\" \/>\n<meta property=\"og:site_name\" content=\"\u00dcdv az Amalfiparton\" \/>\n<meta property=\"article:publisher\" content=\"https:\/\/www.facebook.com\/people\/%c3%9cdv-az-Amalfi-parton\/61561376835286\/\" \/>\n<meta property=\"article:modified_time\" content=\"2026-01-29T05:55:11+00:00\" \/>\n<meta property=\"og:image\" content=\"https:\/\/udvazamalfiparton.com\/wp-content\/uploads\/2026\/01\/amalfi-italy-coastal-town-skyline-on-the-tyrrheni-2025-03-24-00-14-43-utc-1-1024x683.jpg\" \/>\n\t<meta property=\"og:image:width\" content=\"1024\" \/>\n\t<meta property=\"og:image:height\" content=\"683\" \/>\n\t<meta property=\"og:image:type\" content=\"image\/jpeg\" \/>\n<meta name=\"twitter:card\" content=\"summary_large_image\" \/>\n<meta name=\"twitter:label1\" content=\"Est. reading time\" \/>\n\t<meta name=\"twitter:data1\" content=\"1 minute\" \/>\n<script type=\"application\/ld+json\" class=\"yoast-schema-graph\">{\"@context\":\"https:\/\/schema.org\",\"@graph\":[{\"@type\":\"WebPage\",\"@id\":\"https:\/\/udvazamalfiparton.com\/contact\/\",\"url\":\"https:\/\/udvazamalfiparton.com\/contact\/\",\"name\":\"Contact - \u00dcdv az Amalfiparton\",\"isPartOf\":{\"@id\":\"https:\/\/udvazamalfiparton.com\/#website\"},\"datePublished\":\"2025-12-09T13:31:50+00:00\",\"dateModified\":\"2026-01-29T05:55:11+00:00\",\"breadcrumb\":{\"@id\":\"https:\/\/udvazamalfiparton.com\/contact\/#breadcrumb\"},\"inLanguage\":\"en-US\",\"potentialAction\":[{\"@type\":\"ReadAction\",\"target\":[\"https:\/\/udvazamalfiparton.com\/contact\/\"]}]},{\"@type\":\"BreadcrumbList\",\"@id\":\"https:\/\/udvazamalfiparton.com\/contact\/#breadcrumb\",\"itemListElement\":[{\"@type\":\"ListItem\",\"position\":1,\"name\":\"Home\",\"item\":\"https:\/\/udvazamalfiparton.com\/\"},{\"@type\":\"ListItem\",\"position\":2,\"name\":\"Contact\"}]},{\"@type\":\"WebSite\",\"@id\":\"https:\/\/udvazamalfiparton.com\/#website\",\"url\":\"https:\/\/udvazamalfiparton.com\/\",\"name\":\"\u00dcdv az Amalfi-parton\",\"description\":\"\",\"publisher\":{\"@id\":\"https:\/\/udvazamalfiparton.com\/#organization\"},\"alternateName\":\"\u00c9lm\u00e9nyek az Amalfi-parton magyar vezet\u00e9ssel\",\"potentialAction\":[{\"@type\":\"SearchAction\",\"target\":{\"@type\":\"EntryPoint\",\"urlTemplate\":\"https:\/\/udvazamalfiparton.com\/?s={search_term_string}\"},\"query-input\":{\"@type\":\"PropertyValueSpecification\",\"valueRequired\":true,\"valueName\":\"search_term_string\"}}],\"inLanguage\":\"en-US\"},{\"@type\":\"Organization\",\"@id\":\"https:\/\/udvazamalfiparton.com\/#organization\",\"name\":\"\u00dcdv az Amalfi-parton\",\"alternateName\":\"\u00c9lm\u00e9nyek az Amalfi-parton magyar vezet\u00e9ssel\",\"url\":\"https:\/\/udvazamalfiparton.com\/\",\"logo\":{\"@type\":\"ImageObject\",\"inLanguage\":\"en-US\",\"@id\":\"https:\/\/udvazamalfiparton.com\/#\/schema\/logo\/image\/\",\"url\":\"https:\/\/amalfi.betonsoft.hu\/wp-content\/uploads\/2026\/01\/amalfi-italy-coastal-town-skyline-on-the-tyrrheni-2025-03-24-00-14-43-utc-1-1024x683.jpg\",\"contentUrl\":\"https:\/\/amalfi.betonsoft.hu\/wp-content\/uploads\/2026\/01\/amalfi-italy-coastal-town-skyline-on-the-tyrrheni-2025-03-24-00-14-43-utc-1-1024x683.jpg\",\"width\":1024,\"height\":683,\"caption\":\"\u00dcdv az Amalfi-parton\"},\"image\":{\"@id\":\"https:\/\/udvazamalfiparton.com\/#\/schema\/logo\/image\/\"},\"sameAs\":[\"https:\/\/www.facebook.com\/people\/\u00dcdv-az-Amalfi-parton\/61561376835286\/\"]}]}<\/script>\n<!-- \/ Yoast SEO plugin. -->","yoast_head_json":{"title":"Contact - \u00dcdv az Amalfiparton","robots":{"index":"index","follow":"follow","max-snippet":"max-snippet:-1","max-image-preview":"max-image-preview:large","max-video-preview":"max-video-preview:-1"},"canonical":"https:\/\/udvazamalfiparton.com\/en\/contact\/","og_locale":"en_US","og_type":"article","og_title":"Contact - \u00dcdv az Amalfiparton","og_url":"https:\/\/udvazamalfiparton.com\/en\/contact\/","og_site_name":"\u00dcdv az Amalfiparton","article_publisher":"https:\/\/www.facebook.com\/people\/%c3%9cdv-az-Amalfi-parton\/61561376835286\/","article_modified_time":"2026-01-29T05:55:11+00:00","og_image":[{"width":1024,"height":683,"url":"https:\/\/udvazamalfiparton.com\/wp-content\/uploads\/2026\/01\/amalfi-italy-coastal-town-skyline-on-the-tyrrheni-2025-03-24-00-14-43-utc-1-1024x683.jpg","type":"image\/jpeg"}],"twitter_card":"summary_large_image","twitter_misc":{"Est. reading time":"1 minute"},"schema":{"@context":"https:\/\/schema.org","@graph":[{"@type":"WebPage","@id":"https:\/\/udvazamalfiparton.com\/contact\/","url":"https:\/\/udvazamalfiparton.com\/contact\/","name":"Contact - \u00dcdv az Amalfiparton","isPartOf":{"@id":"https:\/\/udvazamalfiparton.com\/#website"},"datePublished":"2025-12-09T13:31:50+00:00","dateModified":"2026-01-29T05:55:11+00:00","breadcrumb":{"@id":"https:\/\/udvazamalfiparton.com\/contact\/#breadcrumb"},"inLanguage":"en-US","potentialAction":[{"@type":"ReadAction","target":["https:\/\/udvazamalfiparton.com\/contact\/"]}]},{"@type":"BreadcrumbList","@id":"https:\/\/udvazamalfiparton.com\/contact\/#breadcrumb","itemListElement":[{"@type":"ListItem","position":1,"name":"Home","item":"https:\/\/udvazamalfiparton.com\/"},{"@type":"ListItem","position":2,"name":"Contact"}]},{"@type":"WebSite","@id":"https:\/\/udvazamalfiparton.com\/#website","url":"https:\/\/udvazamalfiparton.com\/","name":"\u00dcdv az Amalfi-parton","description":"","publisher":{"@id":"https:\/\/udvazamalfiparton.com\/#organization"},"alternateName":"\u00c9lm\u00e9nyek az Amalfi-parton magyar vezet\u00e9ssel","potentialAction":[{"@type":"SearchAction","target":{"@type":"EntryPoint","urlTemplate":"https:\/\/udvazamalfiparton.com\/?s={search_term_string}"},"query-input":{"@type":"PropertyValueSpecification","valueRequired":true,"valueName":"search_term_string"}}],"inLanguage":"en-US"},{"@type":"Organization","@id":"https:\/\/udvazamalfiparton.com\/#organization","name":"\u00dcdv az Amalfi-parton","alternateName":"\u00c9lm\u00e9nyek az Amalfi-parton magyar vezet\u00e9ssel","url":"https:\/\/udvazamalfiparton.com\/","logo":{"@type":"ImageObject","inLanguage":"en-US","@id":"https:\/\/udvazamalfiparton.com\/#\/schema\/logo\/image\/","url":"https:\/\/amalfi.betonsoft.hu\/wp-content\/uploads\/2026\/01\/amalfi-italy-coastal-town-skyline-on-the-tyrrheni-2025-03-24-00-14-43-utc-1-1024x683.jpg","contentUrl":"https:\/\/amalfi.betonsoft.hu\/wp-content\/uploads\/2026\/01\/amalfi-italy-coastal-town-skyline-on-the-tyrrheni-2025-03-24-00-14-43-utc-1-1024x683.jpg","width":1024,"height":683,"caption":"\u00dcdv az Amalfi-parton"},"image":{"@id":"https:\/\/udvazamalfiparton.com\/#\/schema\/logo\/image\/"},"sameAs":["https:\/\/www.facebook.com\/people\/\u00dcdv-az-Amalfi-parton\/61561376835286\/"]}]}},"_links":{"self":[{"href":"https:\/\/udvazamalfiparton.com\/en\/wp-json\/wp\/v2\/pages\/75","targetHints":{"allow":["GET"]}}],"collection":[{"href":"https:\/\/udvazamalfiparton.com\/en\/wp-json\/wp\/v2\/pages"}],"about":[{"href":"https:\/\/udvazamalfiparton.com\/en\/wp-json\/wp\/v2\/types\/page"}],"author":[{"embeddable":true,"href":"https:\/\/udvazamalfiparton.com\/en\/wp-json\/wp\/v2\/users\/1"}],"replies":[{"embeddable":true,"href":"https:\/\/udvazamalfiparton.com\/en\/wp-json\/wp\/v2\/comments?post=75"}],"version-history":[{"count":7,"href":"https:\/\/udvazamalfiparton.com\/en\/wp-json\/wp\/v2\/pages\/75\/revisions"}],"predecessor-version":[{"id":407,"href":"https:\/\/udvazamalfiparton.com\/en\/wp-json\/wp\/v2\/pages\/75\/revisions\/407"}],"wp:attachment":[{"href":"https:\/\/udvazamalfiparton.com\/en\/wp-json\/wp\/v2\/media?parent=75"}],"curies":[{"name":"wp","href":"https:\/\/api.w.org\/{rel}","templated":true}]}}